{"id":4766,"date":"2020-12-08T23:06:01","date_gmt":"2020-12-08T22:06:01","guid":{"rendered":"https:\/\/www.webtenerife.com\/elblog\/?page_id=4766"},"modified":"2021-04-30T12:28:35","modified_gmt":"2021-04-30T11:28:35","slug":"restricciones-en-canarias-semana-santa","status":"publish","type":"page","link":"https:\/\/www.webtenerife.com\/elblog\/coronavirus\/informacion-viajeros\/restricciones-en-canarias-semana-santa\/","title":{"rendered":"Restricciones en Tenerife. Nivel 3"},"content":{"rendered":"\n<p>Post actualizado el 30 de abril de  2021<\/p>\n\n\n\n<p>El Gobierno de Canarias ha establecido las siguientes limitaciones de movimientos y actividades en la isla de Tenerife para el per\u00edodo en el que se mantenga el nivel de alerta 3 :<\/p>\n\n\n\n<p><strong>Limitaci\u00f3n del n\u00famero m\u00e1ximo de personas no convivientes, en espacios de uso p\u00fablico y privado, cerrados o al aire libre<\/strong><\/p>\n\n\n\n<ul class=\"wp-block-list\"><li>Durante el estado de alarma de nivel 3, la permanencia de grupos de personas tanto en espacios de uso p\u00fablico como privado, cerrados o al aire libre, quedar\u00e1 limitada a un m\u00e1ximo de 4 personas, salvo en el caso de convivientes. <\/li><\/ul>\n\n\n\n<p><strong>Limitaci\u00f3n de la circulaci\u00f3n de personas en horario nocturno, de 23.00 a 6.00 horas<\/strong><\/p>\n\n\n\n<p>Quedan excluidas de la limitaci\u00f3n horaria las siguientes actividades: la adquisici\u00f3n de medicamentos, productos sanitarios y otros bienes de primera necesidad; la asistencia a centros, servicios y establecimientos sanitarios; la asistencia a centros de atenci\u00f3n veterinaria por motivos de urgencia; el cumplimiento de obligaciones laborales, profesionales, empresariales, institucionales o legales; el retorno al lugar de residencia habitual tras realizar algunas de las actividades previstas; la asistencia y cuidado a mayores, menores, dependientes, personas con discapacidad o personas especialmente vulnerables; causa de fuerza mayor o situaci\u00f3n de necesidad; cualquier otra actividad de an\u00e1loga naturaleza, debidamente acreditada, o repostaje en gasolineras o estaciones de servicio, cuando resulte necesario para la realizaci\u00f3n de las actividades previstas en los p\u00e1rrafos anteriores.<\/p>\n\n\n\n<p><strong>Medidas espec\u00edficas hosteler\u00eda y restauraci\u00f3n<\/strong><\/p>\n\n\n\n<p>Las\u00a0<strong>zonas interiores<\/strong>\u00a0de estos establecimientos permanecer\u00e1n cerradas, a las que solo se podr\u00e1 acceder para recoger pedidos o utilizar los aseos.<\/p>\n\n\n\n<p>El servicio de buf\u00e9 o autoservicio. Prohibido en interiores<\/p>\n\n\n\n<p>No se permite el consumo en barra.<\/p>\n\n\n\n<p>Se permite el servicio de recogida de comidas y bebidas en el propio local y el env\u00edo a domicilio. El servicio de entrega a domicilio se realizar\u00e1 hasta las doce de la noche.<\/p>\n\n\n\n<p>En las&nbsp;<strong>terrazas u otros espacios al aire libre<\/strong>&nbsp;dependientes del establecimiento queda prohibido fumar, as\u00ed como la realizaci\u00f3n de actividades que propicien no mantener la distancia de seguridad interpersonal o no usar mascarillas, tales como cotillones, bailes, karaokes, etc.<\/p>\n\n\n\n<p>No se podr\u00e1 superar el 50 % del aforo autorizado en terrazas al aire libre, con una distancia de al menos 2 metros entre sillas de mesas colindantes y con una ocupaci\u00f3n m\u00e1xima por mesa de 4 personas.<\/p>\n\n\n\n<p>Respecto a los grandes eventos, se establece que no podr\u00e1n celebrarse fiestas, verbenas y otras citas populares que impliquen aglomeraci\u00f3n de personas o desplazamiento de los participantes que no puedan controlarse, tales como cabalgatas en su formato cl\u00e1sico, fiestas y cotillones. <\/p>\n\n\n\n<p><strong>Establecimientos y centros comerciales<\/strong><\/p>\n\n\n\n<p>En el caso de&nbsp;<strong>centros y parques comerciales<\/strong>&nbsp;la capacidad de las zonas comunes se limitar\u00e1, al 33% del aforo autorizado, quedando prohibida la utilizaci\u00f3n de zonas recreativas como zonas infantiles, ludotecas o \u00e1reas de descanso, que deben permanecer cerradas.<\/p>\n\n\n\n<p>En el caso de centros comerciales distribuidos en varias plantas, la limitaci\u00f3n anterior deber\u00e1 cumplirse en cada una de ellas.<\/p>\n\n\n\n<p>En los centros y parques comerciales, adem\u00e1s, no se permitir\u00e1 la permanencia de clientes en las zonas comunes, excepto para el tr\u00e1nsito o la espera para acceder a los establecimientos.<\/p>\n\n\n\n<p>Deben establecerse las medidas necesarias que permitan el mantenimiento de la distancia de seguridad interpersonal y el control de aforo tanto en los locales y establecimientos como en las zonas comunes de centros comerciales.<\/p>\n\n\n\n<p>Se prestar\u00e1 un servicio de&nbsp;<strong>atenci\u00f3n preferente a personas mayores de 75 a\u00f1os<\/strong>, tales como acceso prioritario, reserva de aparcamientos, cajas de pago o asientos de descanso, que aseguren dicha preferencia en la atenci\u00f3n.<\/p>\n\n\n\n<p><strong>Celebraciones religiosas emblem\u00e1ticas<\/strong><\/p>\n\n\n\n<p>Las celebraciones religiosas emblem\u00e1ticas, podr\u00e1n celebrarse en los horarios no sujetos a la limitaci\u00f3n (de 6.00 a 22.00 horas) de la circulaci\u00f3n en horario nocturno, si bien se recomienda ofrecer como alternativa servicios telem\u00e1ticos o por televisi\u00f3n, as\u00ed como evitar los cantos y usar m\u00fasica pregrabada, quedando prohibidos los coros.<\/p>\n\n\n\n<p>Asimismo, se deber\u00e1n evitar las muestras f\u00edsicas de devoci\u00f3n o tradici\u00f3n (besos, contacto sobre im\u00e1genes, esculturas), sustituy\u00e9ndolas por otras que no impliquen riesgo sanitario.<\/p>\n\n\n\n<p><strong>Playas<\/strong><\/p>\n\n\n\n<p>Aforo 50%<br>Grupos m\u00e1ximo 4 personas<\/p>\n\n\n\n<p><strong>Turismo activo<\/strong><\/p>\n\n\n\n<p>M\u00e1ximo 20 personas<br>En grupos de m\u00e1ximo 4<\/p>\n\n\n\n<p><strong>Actividad de gu\u00eda tur\u00edstico<\/strong><\/p>\n\n\n\n<p>M\u00e1ximo 20 personas <\/p>\n\n\n\n<p>En grupos de m\u00e1ximo 4<\/p>\n\n\n\n<p><strong>Museos, salas de exposiciones, monumentos y otros equipamientos culturales<\/strong><\/p>\n\n\n\n<p>Aforo 33%<br>En grupos de m\u00e1ximo 4<\/p>\n\n\n\n<p><strong>Estudiantes y otros residentes retornados<\/strong><\/p>\n\n\n\n<p>Tanto a los estudiantes como a otros residentes canarios que regresen a las Islas se les recomienda que limiten las interacciones sociales los 10 d\u00edas previos al viaje y extremen las medidas de prevenci\u00f3n a su llegada.<\/p>\n\n\n\n<p><strong>Pr\u00e1ctica deportiva<\/strong> <strong>f\u00edsica no federada al aire libre<\/strong><\/p>\n\n\n\n<p>\u2022 No superar\u00e1 el 50% del aforo<br>deportivo en cada uno de los espacios.<br>\u2022 En actividades colectivas en las<br>que no sea posible mantener la<br>distancia de 2 m permanentemente, se permiten grupos de 4<br>personas como m\u00e1ximo incluido<br>el monitor, con uso obligatorio<br>de mascarilla.<br>\u2022 Se garantizar\u00e1 la distancia de seguridad de 2 m entre los distintos grupos en todo momento.<\/p>\n\n\n\n<p><strong>Actividad deportiva no federada en interiores<\/strong><\/p>\n\n\n\n<p>\u2022 No se superar\u00e1 el 33% del<br>aforo deportivo en cada una<br>de las estancias o espacios<br>\u2022 Se garantizar\u00e1 el mantenimiento de la distancia de seguridad de 2 m en todo momento.<br>\u2022 Se permite un n\u00famero m\u00e1ximo de 4 personas por grupo<br>incluido el monitor, garantizando que se mantiene la distancia indicada entre los distintos grupos en todo momento.<br>\u2022 Se har\u00e1 uso de la mascarilla<br>cubriendo nariz y boca permanentemente.<\/p>\n\n\n\n<p>En actividades colectivas en las que no sea posible mantener la distancia de 2 m permanentemente, se permiten grupos de 4 personas como m\u00e1ximo incluido el monitor, con uso de mascarilla obligatorio.<\/p>\n\n\n\n<p>Adem\u00e1s, en espacios al aire libre no podr\u00e1 practicarse deportes de equipo ni aquellas pr\u00e1cticas o ejercicios en los que no pueda garantizarse el mantenimiento de dicha distancia en todo momento. No superar\u00e1 el 50% del aforo deportivo en cada uno de los espacios. En actividades colectivas en las que no sea posible mantener la distancia de 2 m permanentemente, se permiten grupos de 4 personas como m\u00e1ximo incluido el monitor, con uso obligatorio de mascarilla.<\/p>\n\n\n\n<p>En el caso de ejercicio de deporte individual al aire libre, quedar\u00e1 exceptuado el uso de la mascarilla exclusivamente durante la realizaci\u00f3n de la pr\u00e1ctica deportiva y siempre que pueda garantizarse el mantenimiento de la distancia de dos metros con otras personas.<\/p>\n\n\n\n<p><strong>Transporte p\u00fablico<\/strong><\/p>\n\n\n\n<p>\u2022 Los usuarios deber\u00e1n adoptar las medidas de prevenci\u00f3n y protecci\u00f3n de la salud, durante todo el trayecto:<\/p>\n\n\n\n<ul class=\"wp-block-list\"><li>Uso obligatorio de la mascarilla.<\/li><li>Prohibici\u00f3n de comer, beber o fumar.<\/li><li>No gritar, cantar o entablar conversaciones con otros pasajeros o a trav\u00e9s del tel\u00e9fono m\u00f3vil.<br>\u2022 Evitar viajar en horas punta salvo para la realizaci\u00f3n de actividades esenciales.<br>\u2022 Se reduce el aforo al 50%<\/li><\/ul>\n\n\n\n<p>Consulta el <a href=\"http:\/\/sede.gobcan.es\/boc\/boc-a-2021-057-1476.pdf\">BOC del 20 de marzo<\/a> para el Plan para la transici\u00f3n hacia una nueva normalidad<\/p>\n\n\n\n<p>En este enlace se pueden consultar en detalle las medidas aplicables a los diferentes niveles de alerta: <\/p>\n\n\n\n<p><a href=\"https:\/\/www.gobiernodecanarias.org\/cmsgobcan\/export\/sites\/principal\/coronavirus\/docs\/TABLA_MEDIDAS.pdf\">https:\/\/www.gobiernodecanarias.org\/cmsgobcan\/export\/sites\/principal\/coronavirus\/docs\/TABLA_MEDIDAS.pdf<\/a><\/p>\n\n\n\n<p><\/p>\n\n\n\n<p><\/p>\n","protected":false},"excerpt":{"rendered":"<p>Post actualizado el 30 de abril de 2021 El Gobierno de Canarias ha establecido las siguientes limitaciones de movimientos y actividades en la isla&hellip;<\/p>\n","protected":false},"author":5,"featured_media":4767,"parent":4537,"menu_order":0,"comment_status":"closed","ping_status":"closed","template":"template-fullwidth.php","meta":{"_lmt_disableupdate":"","_lmt_disable":"","footnotes":""},"class_list":["post-4766","page","type-page","status-publish","has-post-thumbnail","hentry"],"yoast_head":"<!-- This site is optimized with the Yoast SEO plugin v27.1 - https:\/\/yoast.com\/product\/yoast-seo-wordpress\/ -->\n<title>Restricciones en Tenerife. Nivel 3 - Tenerife! despierta emociones<\/title>\n<meta name=\"description\" content=\"Restircciones en Tenerife para la Navidad 2020. Post actualizado el 22 de marzo de 2021\" \/>\n<meta name=\"robots\" content=\"index, follow, max-snippet:-1, max-image-preview:large, max-video-preview:-1\" \/>\n<link rel=\"canonical\" href=\"https:\/\/www.webtenerife.com\/elblog\/coronavirus\/informacion-viajeros\/restricciones-en-canarias-semana-santa\/\" \/>\n<meta property=\"og:locale\" content=\"es_ES\" \/>\n<meta property=\"og:type\" content=\"article\" \/>\n<meta property=\"og:title\" content=\"Restricciones en Tenerife. Nivel 3 - Tenerife! despierta emociones\" \/>\n<meta property=\"og:description\" content=\"Restircciones en Tenerife para la Navidad 2020. Post actualizado el 22 de marzo de 2021\" \/>\n<meta property=\"og:url\" content=\"https:\/\/www.webtenerife.com\/elblog\/coronavirus\/informacion-viajeros\/restricciones-en-canarias-semana-santa\/\" \/>\n<meta property=\"og:site_name\" content=\"Tenerife! despierta emociones\" \/>\n<meta property=\"article:modified_time\" content=\"2021-04-30T11:28:35+00:00\" \/>\n<meta property=\"og:image\" content=\"https:\/\/www.webtenerife.com\/elblog\/wp-content\/uploads\/2019\/12\/cropped-Navidad-La-Laguna-1.jpg\" \/>\n\t<meta property=\"og:image:width\" content=\"1008\" \/>\n\t<meta property=\"og:image:height\" content=\"567\" \/>\n\t<meta property=\"og:image:type\" content=\"image\/jpeg\" \/>\n<meta name=\"twitter:card\" content=\"summary_large_image\" \/>\n<meta name=\"twitter:site\" content=\"@VisitTenerifeES\" \/>\n<meta name=\"twitter:label1\" content=\"Tiempo de lectura\" \/>\n\t<meta name=\"twitter:data1\" content=\"6 minutos\" \/>\n<script type=\"application\/ld+json\" class=\"yoast-schema-graph\">{\"@context\":\"https:\/\/schema.org\",\"@graph\":[{\"@type\":\"WebPage\",\"@id\":\"https:\/\/www.webtenerife.com\/elblog\/coronavirus\/informacion-viajeros\/restricciones-en-canarias-semana-santa\/\",\"url\":\"https:\/\/www.webtenerife.com\/elblog\/coronavirus\/informacion-viajeros\/restricciones-en-canarias-semana-santa\/\",\"name\":\"Restricciones en Tenerife. Nivel 3 - Tenerife! despierta emociones\",\"isPartOf\":{\"@id\":\"https:\/\/www.webtenerife.com\/elblog\/#website\"},\"primaryImageOfPage\":{\"@id\":\"https:\/\/www.webtenerife.com\/elblog\/coronavirus\/informacion-viajeros\/restricciones-en-canarias-semana-santa\/#primaryimage\"},\"image\":{\"@id\":\"https:\/\/www.webtenerife.com\/elblog\/coronavirus\/informacion-viajeros\/restricciones-en-canarias-semana-santa\/#primaryimage\"},\"thumbnailUrl\":\"https:\/\/www.webtenerife.com\/elblog\/wp-content\/uploads\/2019\/12\/cropped-Navidad-La-Laguna-1.jpg\",\"datePublished\":\"2020-12-08T22:06:01+00:00\",\"dateModified\":\"2021-04-30T11:28:35+00:00\",\"description\":\"Restircciones en Tenerife para la Navidad 2020. Post actualizado el 22 de marzo de 2021\",\"breadcrumb\":{\"@id\":\"https:\/\/www.webtenerife.com\/elblog\/coronavirus\/informacion-viajeros\/restricciones-en-canarias-semana-santa\/#breadcrumb\"},\"inLanguage\":\"es\",\"potentialAction\":[{\"@type\":\"ReadAction\",\"target\":[\"https:\/\/www.webtenerife.com\/elblog\/coronavirus\/informacion-viajeros\/restricciones-en-canarias-semana-santa\/\"]}]},{\"@type\":\"ImageObject\",\"inLanguage\":\"es\",\"@id\":\"https:\/\/www.webtenerife.com\/elblog\/coronavirus\/informacion-viajeros\/restricciones-en-canarias-semana-santa\/#primaryimage\",\"url\":\"https:\/\/www.webtenerife.com\/elblog\/wp-content\/uploads\/2019\/12\/cropped-Navidad-La-Laguna-1.jpg\",\"contentUrl\":\"https:\/\/www.webtenerife.com\/elblog\/wp-content\/uploads\/2019\/12\/cropped-Navidad-La-Laguna-1.jpg\",\"width\":1008,\"height\":567},{\"@type\":\"BreadcrumbList\",\"@id\":\"https:\/\/www.webtenerife.com\/elblog\/coronavirus\/informacion-viajeros\/restricciones-en-canarias-semana-santa\/#breadcrumb\",\"itemListElement\":[{\"@type\":\"ListItem\",\"position\":1,\"name\":\"Portada\",\"item\":\"https:\/\/www.webtenerife.com\/elblog\/\"},{\"@type\":\"ListItem\",\"position\":2,\"name\":\"Viajar a Tenerife. Todo sobre el covid-19\",\"item\":\"https:\/\/www.webtenerife.com\/elblog\/coronavirus\/\"},{\"@type\":\"ListItem\",\"position\":3,\"name\":\"Estancia en Tenerife. Seguridad Covid-19\",\"item\":\"https:\/\/www.webtenerife.com\/elblog\/coronavirus\/informacion-viajeros\/\"},{\"@type\":\"ListItem\",\"position\":4,\"name\":\"Restricciones en Tenerife. Nivel 3\"}]},{\"@type\":\"WebSite\",\"@id\":\"https:\/\/www.webtenerife.com\/elblog\/#website\",\"url\":\"https:\/\/www.webtenerife.com\/elblog\/\",\"name\":\"Tenerife! despierta emociones\",\"description\":\"El lugar donde buscar y compartir tu experiencia en Tenerife\",\"publisher\":{\"@id\":\"https:\/\/www.webtenerife.com\/elblog\/#organization\"},\"potentialAction\":[{\"@type\":\"SearchAction\",\"target\":{\"@type\":\"EntryPoint\",\"urlTemplate\":\"https:\/\/www.webtenerife.com\/elblog\/?s={search_term_string}\"},\"query-input\":{\"@type\":\"PropertyValueSpecification\",\"valueRequired\":true,\"valueName\":\"search_term_string\"}}],\"inLanguage\":\"es\"},{\"@type\":\"Organization\",\"@id\":\"https:\/\/www.webtenerife.com\/elblog\/#organization\",\"name\":\"SPET Turismo de Tenerife S.A.\",\"url\":\"https:\/\/www.webtenerife.com\/elblog\/\",\"logo\":{\"@type\":\"ImageObject\",\"inLanguage\":\"es\",\"@id\":\"https:\/\/www.webtenerife.com\/elblog\/#\/schema\/logo\/image\/\",\"url\":\"https:\/\/www.webtenerife.com\/elblog\/wp-content\/uploads\/2018\/02\/logo_tenerife_turismo_es.png\",\"contentUrl\":\"https:\/\/www.webtenerife.com\/elblog\/wp-content\/uploads\/2018\/02\/logo_tenerife_turismo_es.png\",\"width\":500,\"height\":500,\"caption\":\"SPET Turismo de Tenerife S.A.\"},\"image\":{\"@id\":\"https:\/\/www.webtenerife.com\/elblog\/#\/schema\/logo\/image\/\"},\"sameAs\":[\"https:\/\/x.com\/VisitTenerifeES\",\"https:\/\/www.instagram.com\/visit_tenerife\/\",\"https:\/\/www.pinterest.es\/visittenerife\/\",\"https:\/\/www.youtube.com\/user\/turismodetenerife\"]}]}<\/script>\n<!-- \/ Yoast SEO plugin. -->","yoast_head_json":{"title":"Restricciones en Tenerife. Nivel 3 - Tenerife! despierta emociones","description":"Restircciones en Tenerife para la Navidad 2020. Post actualizado el 22 de marzo de 2021","robots":{"index":"index","follow":"follow","max-snippet":"max-snippet:-1","max-image-preview":"max-image-preview:large","max-video-preview":"max-video-preview:-1"},"canonical":"https:\/\/www.webtenerife.com\/elblog\/coronavirus\/informacion-viajeros\/restricciones-en-canarias-semana-santa\/","og_locale":"es_ES","og_type":"article","og_title":"Restricciones en Tenerife. Nivel 3 - Tenerife! despierta emociones","og_description":"Restircciones en Tenerife para la Navidad 2020. Post actualizado el 22 de marzo de 2021","og_url":"https:\/\/www.webtenerife.com\/elblog\/coronavirus\/informacion-viajeros\/restricciones-en-canarias-semana-santa\/","og_site_name":"Tenerife! despierta emociones","article_modified_time":"2021-04-30T11:28:35+00:00","og_image":[{"width":1008,"height":567,"url":"https:\/\/www.webtenerife.com\/elblog\/wp-content\/uploads\/2019\/12\/cropped-Navidad-La-Laguna-1.jpg","type":"image\/jpeg"}],"twitter_card":"summary_large_image","twitter_site":"@VisitTenerifeES","twitter_misc":{"Tiempo de lectura":"6 minutos"},"schema":{"@context":"https:\/\/schema.org","@graph":[{"@type":"WebPage","@id":"https:\/\/www.webtenerife.com\/elblog\/coronavirus\/informacion-viajeros\/restricciones-en-canarias-semana-santa\/","url":"https:\/\/www.webtenerife.com\/elblog\/coronavirus\/informacion-viajeros\/restricciones-en-canarias-semana-santa\/","name":"Restricciones en Tenerife. Nivel 3 - Tenerife! despierta emociones","isPartOf":{"@id":"https:\/\/www.webtenerife.com\/elblog\/#website"},"primaryImageOfPage":{"@id":"https:\/\/www.webtenerife.com\/elblog\/coronavirus\/informacion-viajeros\/restricciones-en-canarias-semana-santa\/#primaryimage"},"image":{"@id":"https:\/\/www.webtenerife.com\/elblog\/coronavirus\/informacion-viajeros\/restricciones-en-canarias-semana-santa\/#primaryimage"},"thumbnailUrl":"https:\/\/www.webtenerife.com\/elblog\/wp-content\/uploads\/2019\/12\/cropped-Navidad-La-Laguna-1.jpg","datePublished":"2020-12-08T22:06:01+00:00","dateModified":"2021-04-30T11:28:35+00:00","description":"Restircciones en Tenerife para la Navidad 2020. Post actualizado el 22 de marzo de 2021","breadcrumb":{"@id":"https:\/\/www.webtenerife.com\/elblog\/coronavirus\/informacion-viajeros\/restricciones-en-canarias-semana-santa\/#breadcrumb"},"inLanguage":"es","potentialAction":[{"@type":"ReadAction","target":["https:\/\/www.webtenerife.com\/elblog\/coronavirus\/informacion-viajeros\/restricciones-en-canarias-semana-santa\/"]}]},{"@type":"ImageObject","inLanguage":"es","@id":"https:\/\/www.webtenerife.com\/elblog\/coronavirus\/informacion-viajeros\/restricciones-en-canarias-semana-santa\/#primaryimage","url":"https:\/\/www.webtenerife.com\/elblog\/wp-content\/uploads\/2019\/12\/cropped-Navidad-La-Laguna-1.jpg","contentUrl":"https:\/\/www.webtenerife.com\/elblog\/wp-content\/uploads\/2019\/12\/cropped-Navidad-La-Laguna-1.jpg","width":1008,"height":567},{"@type":"BreadcrumbList","@id":"https:\/\/www.webtenerife.com\/elblog\/coronavirus\/informacion-viajeros\/restricciones-en-canarias-semana-santa\/#breadcrumb","itemListElement":[{"@type":"ListItem","position":1,"name":"Portada","item":"https:\/\/www.webtenerife.com\/elblog\/"},{"@type":"ListItem","position":2,"name":"Viajar a Tenerife. Todo sobre el covid-19","item":"https:\/\/www.webtenerife.com\/elblog\/coronavirus\/"},{"@type":"ListItem","position":3,"name":"Estancia en Tenerife. Seguridad Covid-19","item":"https:\/\/www.webtenerife.com\/elblog\/coronavirus\/informacion-viajeros\/"},{"@type":"ListItem","position":4,"name":"Restricciones en Tenerife. Nivel 3"}]},{"@type":"WebSite","@id":"https:\/\/www.webtenerife.com\/elblog\/#website","url":"https:\/\/www.webtenerife.com\/elblog\/","name":"Tenerife! despierta emociones","description":"El lugar donde buscar y compartir tu experiencia en Tenerife","publisher":{"@id":"https:\/\/www.webtenerife.com\/elblog\/#organization"},"potentialAction":[{"@type":"SearchAction","target":{"@type":"EntryPoint","urlTemplate":"https:\/\/www.webtenerife.com\/elblog\/?s={search_term_string}"},"query-input":{"@type":"PropertyValueSpecification","valueRequired":true,"valueName":"search_term_string"}}],"inLanguage":"es"},{"@type":"Organization","@id":"https:\/\/www.webtenerife.com\/elblog\/#organization","name":"SPET Turismo de Tenerife S.A.","url":"https:\/\/www.webtenerife.com\/elblog\/","logo":{"@type":"ImageObject","inLanguage":"es","@id":"https:\/\/www.webtenerife.com\/elblog\/#\/schema\/logo\/image\/","url":"https:\/\/www.webtenerife.com\/elblog\/wp-content\/uploads\/2018\/02\/logo_tenerife_turismo_es.png","contentUrl":"https:\/\/www.webtenerife.com\/elblog\/wp-content\/uploads\/2018\/02\/logo_tenerife_turismo_es.png","width":500,"height":500,"caption":"SPET Turismo de Tenerife S.A."},"image":{"@id":"https:\/\/www.webtenerife.com\/elblog\/#\/schema\/logo\/image\/"},"sameAs":["https:\/\/x.com\/VisitTenerifeES","https:\/\/www.instagram.com\/visit_tenerife\/","https:\/\/www.pinterest.es\/visittenerife\/","https:\/\/www.youtube.com\/user\/turismodetenerife"]}]}},"_links":{"self":[{"href":"https:\/\/www.webtenerife.com\/elblog\/wp-json\/wp\/v2\/pages\/4766","targetHints":{"allow":["GET"]}}],"collection":[{"href":"https:\/\/www.webtenerife.com\/elblog\/wp-json\/wp\/v2\/pages"}],"about":[{"href":"https:\/\/www.webtenerife.com\/elblog\/wp-json\/wp\/v2\/types\/page"}],"author":[{"embeddable":true,"href":"https:\/\/www.webtenerife.com\/elblog\/wp-json\/wp\/v2\/users\/5"}],"replies":[{"embeddable":true,"href":"https:\/\/www.webtenerife.com\/elblog\/wp-json\/wp\/v2\/comments?post=4766"}],"version-history":[{"count":26,"href":"https:\/\/www.webtenerife.com\/elblog\/wp-json\/wp\/v2\/pages\/4766\/revisions"}],"predecessor-version":[{"id":4940,"href":"https:\/\/www.webtenerife.com\/elblog\/wp-json\/wp\/v2\/pages\/4766\/revisions\/4940"}],"up":[{"embeddable":true,"href":"https:\/\/www.webtenerife.com\/elblog\/wp-json\/wp\/v2\/pages\/4537"}],"wp:featuredmedia":[{"embeddable":true,"href":"https:\/\/www.webtenerife.com\/elblog\/wp-json\/wp\/v2\/media\/4767"}],"wp:attachment":[{"href":"https:\/\/www.webtenerife.com\/elblog\/wp-json\/wp\/v2\/media?parent=4766"}],"curies":[{"name":"wp","href":"https:\/\/api.w.org\/{rel}","templated":true}]}}