{"id":4562,"date":"2020-10-27T14:20:27","date_gmt":"2020-10-27T13:20:27","guid":{"rendered":"https:\/\/www.webtenerife.com\/elblog\/?page_id=4562"},"modified":"2020-12-10T17:14:22","modified_gmt":"2020-12-10T16:14:22","slug":"protocolos-de-seguridad-para-agentes-turisticos-covid-19","status":"publish","type":"page","link":"https:\/\/www.webtenerife.com\/elblog\/coronavirus\/protocolos-de-seguridad-para-agentes-turisticos-covid-19\/","title":{"rendered":"Protocolos de seguridad para agentes tur\u00edsticos. Covid-19"},"content":{"rendered":"\n<p>A continuaci\u00f3n detallamos algunas recomendaciones elaboradas por distintos organismos y entidades de diferentes actividades en Canarias relacionadas con el turismo.  <\/p>\n\n\n\n<h2 class=\"wp-block-heading\">Enlaces de inter\u00e9s: <\/h2>\n\n\n\n<ul class=\"wp-block-list\"><li><a href=\"https:\/\/turismodeislascanarias.com\/es\/laboratorio-global-de-seguridad-turistica\/\">Consulta los protocolos completos<\/a><\/li><li> <a href=\"https:\/\/turismodeislascanarias.com\/sites\/default\/files\/protocolo_de_seguridad_sanitaria_covid-19_hoteles_1.pdf\">Protocolo de Buenas Pr\u00e1cticas &#8211; Alojamiento Hotelero<\/a> <\/li><li> <a href=\"https:\/\/turismodeislascanarias.com\/sites\/default\/files\/protocolo_de_seguridad_sanitaria_covid-19_apartamentos_0.pdf\">Protocolo de Buenas Pr\u00e1cticas &#8211; Alojamiento Extrahotelero<\/a> <\/li><li> <a href=\"https:\/\/turismodeislascanarias.com\/sites\/default\/files\/protocolo_de_seguridad_sanitaria_covid-19_hosteleria_3.pdf\">Protocolo de Buenas Pr\u00e1cticas &#8211; Hosteler\u00eda<\/a> <\/li><li> <a href=\"https:\/\/turismodeislascanarias.com\/sites\/default\/files\/protocolo_de_seguridad_sanitaria_covid-19_actividad_comercial.pdf\">Protocolo de Buenas Pr\u00e1cticas &#8211; Comercio<\/a> <\/li><li> <a href=\"https:\/\/turismodeislascanarias.com\/sites\/default\/files\/protocolo_de_seguridad_sanitaria_covid-19_excursiones_2.pdf\">Protocolo de Buenas Pr\u00e1cticas &#8211; Excursiones<\/a> <\/li><li> <a href=\"https:\/\/turismodeislascanarias.com\/sites\/default\/files\/protocolo_de_seguridad_sanitaria_covid-19_golf_0.pdf\">Protocolo de Buenas Pr\u00e1cticas &#8211; Golf<\/a> <\/li><li> <a href=\"https:\/\/turismodeislascanarias.com\/sites\/default\/files\/protocolo_de_seguridad_sanitaria_covid-19_mice_0.pdf\">Protocolo de Buenas Pr\u00e1cticas &#8211; MICE<\/a> <\/li><li> <a href=\"https:\/\/turismodeislascanarias.com\/sites\/default\/files\/protocolo_de_seguridad_sanitaria_covid-19_eventos_deportivos_0.pdf\">Protocolo de Buenas Practicas &#8211; Eventos deportivos<\/a> <\/li><li> <a href=\"https:\/\/turismodeislascanarias.com\/sites\/default\/files\/protocolo_de_seguridad_sanitaria_covid-19_puntos_de_interes_turistico_1.pdf\">Protocolo de Buenas Pr\u00e1cticas &#8211; Puntos de Inter\u00e9s Tur\u00edsticos<\/a> <\/li><li> <a href=\"https:\/\/turismodeislascanarias.com\/sites\/default\/files\/protocolo_de_seguridad_sanitaria_covid-19_transportes_0.pdf\">Protocolo de Buenas Pr\u00e1cticas &#8211; Transportes<\/a> <\/li><li> <a href=\"https:\/\/turismodeislascanarias.com\/sites\/default\/files\/protocolo_de_seguridad_sanitaria_covid-19_turismo_activo_1.pdf\">Protocolo de Buenas Pr\u00e1cticas &#8211; Turismo Activo<\/a> <\/li><li> <a href=\"https:\/\/turismodeislascanarias.com\/sites\/default\/files\/protocolo_de_seguridad_sanitaria_covid-19_wellness_0.pdf\">Protocolo de Buenas Pr\u00e1cticas &#8211; Wellnes<\/a> <\/li><\/ul>\n\n\n\n<h2 class=\"wp-block-heading\"><\/h2>\n","protected":false},"excerpt":{"rendered":"<p>A continuaci\u00f3n detallamos algunas recomendaciones elaboradas por distintos organismos y entidades de diferentes actividades en Canarias relacionadas con el turismo. Enlaces de inter\u00e9s: Consulta&hellip;<\/p>\n","protected":false},"author":5,"featured_media":4565,"parent":4533,"menu_order":0,"comment_status":"closed","ping_status":"closed","template":"template-fullwidth.php","meta":{"_lmt_disableupdate":"","_lmt_disable":"","footnotes":""},"class_list":["post-4562","page","type-page","status-publish","has-post-thumbnail","hentry"],"yoast_head":"<!-- This site is optimized with the Yoast SEO plugin v27.1 - https:\/\/yoast.com\/product\/yoast-seo-wordpress\/ -->\n<title>Protocolos de seguridad para agentes tur\u00edsticos. Covid-19 - Tenerife! despierta emociones<\/title>\n<meta name=\"description\" content=\"Protocolos de seguridad para agentes tur\u00edsticos en Tenerife. Covid-19\" \/>\n<meta name=\"robots\" content=\"index, follow, max-snippet:-1, max-image-preview:large, max-video-preview:-1\" \/>\n<link rel=\"canonical\" href=\"https:\/\/www.webtenerife.com\/elblog\/coronavirus\/protocolos-de-seguridad-para-agentes-turisticos-covid-19\/\" \/>\n<meta property=\"og:locale\" content=\"es_ES\" \/>\n<meta property=\"og:type\" content=\"article\" \/>\n<meta property=\"og:title\" content=\"Protocolos de seguridad para agentes tur\u00edsticos. Covid-19 - Tenerife! despierta emociones\" \/>\n<meta property=\"og:description\" content=\"Protocolos de seguridad para agentes tur\u00edsticos en Tenerife. Covid-19\" \/>\n<meta property=\"og:url\" content=\"https:\/\/www.webtenerife.com\/elblog\/coronavirus\/protocolos-de-seguridad-para-agentes-turisticos-covid-19\/\" \/>\n<meta property=\"og:site_name\" content=\"Tenerife! despierta emociones\" \/>\n<meta property=\"article:modified_time\" content=\"2020-12-10T16:14:22+00:00\" \/>\n<meta property=\"og:image\" content=\"https:\/\/www.webtenerife.com\/elblog\/wp-content\/uploads\/2019\/06\/cropped-Senderismo-Tenerife-Teide.jpg\" \/>\n\t<meta property=\"og:image:width\" content=\"1024\" \/>\n\t<meta property=\"og:image:height\" content=\"576\" \/>\n\t<meta property=\"og:image:type\" content=\"image\/jpeg\" \/>\n<meta name=\"twitter:card\" content=\"summary_large_image\" \/>\n<meta name=\"twitter:site\" content=\"@VisitTenerifeES\" \/>\n<meta name=\"twitter:label1\" content=\"Tiempo de lectura\" \/>\n\t<meta name=\"twitter:data1\" content=\"1 minuto\" \/>\n<script type=\"application\/ld+json\" class=\"yoast-schema-graph\">{\"@context\":\"https:\/\/schema.org\",\"@graph\":[{\"@type\":\"WebPage\",\"@id\":\"https:\/\/www.webtenerife.com\/elblog\/coronavirus\/protocolos-de-seguridad-para-agentes-turisticos-covid-19\/\",\"url\":\"https:\/\/www.webtenerife.com\/elblog\/coronavirus\/protocolos-de-seguridad-para-agentes-turisticos-covid-19\/\",\"name\":\"Protocolos de seguridad para agentes tur\u00edsticos. Covid-19 - Tenerife! despierta emociones\",\"isPartOf\":{\"@id\":\"https:\/\/www.webtenerife.com\/elblog\/#website\"},\"primaryImageOfPage\":{\"@id\":\"https:\/\/www.webtenerife.com\/elblog\/coronavirus\/protocolos-de-seguridad-para-agentes-turisticos-covid-19\/#primaryimage\"},\"image\":{\"@id\":\"https:\/\/www.webtenerife.com\/elblog\/coronavirus\/protocolos-de-seguridad-para-agentes-turisticos-covid-19\/#primaryimage\"},\"thumbnailUrl\":\"https:\/\/www.webtenerife.com\/elblog\/wp-content\/uploads\/2019\/06\/cropped-Senderismo-Tenerife-Teide.jpg\",\"datePublished\":\"2020-10-27T13:20:27+00:00\",\"dateModified\":\"2020-12-10T16:14:22+00:00\",\"description\":\"Protocolos de seguridad para agentes tur\u00edsticos en Tenerife. Covid-19\",\"breadcrumb\":{\"@id\":\"https:\/\/www.webtenerife.com\/elblog\/coronavirus\/protocolos-de-seguridad-para-agentes-turisticos-covid-19\/#breadcrumb\"},\"inLanguage\":\"es\",\"potentialAction\":[{\"@type\":\"ReadAction\",\"target\":[\"https:\/\/www.webtenerife.com\/elblog\/coronavirus\/protocolos-de-seguridad-para-agentes-turisticos-covid-19\/\"]}]},{\"@type\":\"ImageObject\",\"inLanguage\":\"es\",\"@id\":\"https:\/\/www.webtenerife.com\/elblog\/coronavirus\/protocolos-de-seguridad-para-agentes-turisticos-covid-19\/#primaryimage\",\"url\":\"https:\/\/www.webtenerife.com\/elblog\/wp-content\/uploads\/2019\/06\/cropped-Senderismo-Tenerife-Teide.jpg\",\"contentUrl\":\"https:\/\/www.webtenerife.com\/elblog\/wp-content\/uploads\/2019\/06\/cropped-Senderismo-Tenerife-Teide.jpg\",\"width\":1024,\"height\":576},{\"@type\":\"BreadcrumbList\",\"@id\":\"https:\/\/www.webtenerife.com\/elblog\/coronavirus\/protocolos-de-seguridad-para-agentes-turisticos-covid-19\/#breadcrumb\",\"itemListElement\":[{\"@type\":\"ListItem\",\"position\":1,\"name\":\"Portada\",\"item\":\"https:\/\/www.webtenerife.com\/elblog\/\"},{\"@type\":\"ListItem\",\"position\":2,\"name\":\"Viajar a Tenerife. Todo sobre el covid-19\",\"item\":\"https:\/\/www.webtenerife.com\/elblog\/coronavirus\/\"},{\"@type\":\"ListItem\",\"position\":3,\"name\":\"Protocolos de seguridad para agentes tur\u00edsticos. Covid-19\"}]},{\"@type\":\"WebSite\",\"@id\":\"https:\/\/www.webtenerife.com\/elblog\/#website\",\"url\":\"https:\/\/www.webtenerife.com\/elblog\/\",\"name\":\"Tenerife! despierta emociones\",\"description\":\"El lugar donde buscar y compartir tu experiencia en Tenerife\",\"publisher\":{\"@id\":\"https:\/\/www.webtenerife.com\/elblog\/#organization\"},\"potentialAction\":[{\"@type\":\"SearchAction\",\"target\":{\"@type\":\"EntryPoint\",\"urlTemplate\":\"https:\/\/www.webtenerife.com\/elblog\/?s={search_term_string}\"},\"query-input\":{\"@type\":\"PropertyValueSpecification\",\"valueRequired\":true,\"valueName\":\"search_term_string\"}}],\"inLanguage\":\"es\"},{\"@type\":\"Organization\",\"@id\":\"https:\/\/www.webtenerife.com\/elblog\/#organization\",\"name\":\"SPET Turismo de Tenerife S.A.\",\"url\":\"https:\/\/www.webtenerife.com\/elblog\/\",\"logo\":{\"@type\":\"ImageObject\",\"inLanguage\":\"es\",\"@id\":\"https:\/\/www.webtenerife.com\/elblog\/#\/schema\/logo\/image\/\",\"url\":\"https:\/\/www.webtenerife.com\/elblog\/wp-content\/uploads\/2018\/02\/logo_tenerife_turismo_es.png\",\"contentUrl\":\"https:\/\/www.webtenerife.com\/elblog\/wp-content\/uploads\/2018\/02\/logo_tenerife_turismo_es.png\",\"width\":500,\"height\":500,\"caption\":\"SPET Turismo de Tenerife S.A.\"},\"image\":{\"@id\":\"https:\/\/www.webtenerife.com\/elblog\/#\/schema\/logo\/image\/\"},\"sameAs\":[\"https:\/\/x.com\/VisitTenerifeES\",\"https:\/\/www.instagram.com\/visit_tenerife\/\",\"https:\/\/www.pinterest.es\/visittenerife\/\",\"https:\/\/www.youtube.com\/user\/turismodetenerife\"]}]}<\/script>\n<!-- \/ Yoast SEO plugin. -->","yoast_head_json":{"title":"Protocolos de seguridad para agentes tur\u00edsticos. Covid-19 - Tenerife! despierta emociones","description":"Protocolos de seguridad para agentes tur\u00edsticos en Tenerife. Covid-19","robots":{"index":"index","follow":"follow","max-snippet":"max-snippet:-1","max-image-preview":"max-image-preview:large","max-video-preview":"max-video-preview:-1"},"canonical":"https:\/\/www.webtenerife.com\/elblog\/coronavirus\/protocolos-de-seguridad-para-agentes-turisticos-covid-19\/","og_locale":"es_ES","og_type":"article","og_title":"Protocolos de seguridad para agentes tur\u00edsticos. Covid-19 - Tenerife! despierta emociones","og_description":"Protocolos de seguridad para agentes tur\u00edsticos en Tenerife. Covid-19","og_url":"https:\/\/www.webtenerife.com\/elblog\/coronavirus\/protocolos-de-seguridad-para-agentes-turisticos-covid-19\/","og_site_name":"Tenerife! despierta emociones","article_modified_time":"2020-12-10T16:14:22+00:00","og_image":[{"width":1024,"height":576,"url":"https:\/\/www.webtenerife.com\/elblog\/wp-content\/uploads\/2019\/06\/cropped-Senderismo-Tenerife-Teide.jpg","type":"image\/jpeg"}],"twitter_card":"summary_large_image","twitter_site":"@VisitTenerifeES","twitter_misc":{"Tiempo de lectura":"1 minuto"},"schema":{"@context":"https:\/\/schema.org","@graph":[{"@type":"WebPage","@id":"https:\/\/www.webtenerife.com\/elblog\/coronavirus\/protocolos-de-seguridad-para-agentes-turisticos-covid-19\/","url":"https:\/\/www.webtenerife.com\/elblog\/coronavirus\/protocolos-de-seguridad-para-agentes-turisticos-covid-19\/","name":"Protocolos de seguridad para agentes tur\u00edsticos. Covid-19 - Tenerife! despierta emociones","isPartOf":{"@id":"https:\/\/www.webtenerife.com\/elblog\/#website"},"primaryImageOfPage":{"@id":"https:\/\/www.webtenerife.com\/elblog\/coronavirus\/protocolos-de-seguridad-para-agentes-turisticos-covid-19\/#primaryimage"},"image":{"@id":"https:\/\/www.webtenerife.com\/elblog\/coronavirus\/protocolos-de-seguridad-para-agentes-turisticos-covid-19\/#primaryimage"},"thumbnailUrl":"https:\/\/www.webtenerife.com\/elblog\/wp-content\/uploads\/2019\/06\/cropped-Senderismo-Tenerife-Teide.jpg","datePublished":"2020-10-27T13:20:27+00:00","dateModified":"2020-12-10T16:14:22+00:00","description":"Protocolos de seguridad para agentes tur\u00edsticos en Tenerife. Covid-19","breadcrumb":{"@id":"https:\/\/www.webtenerife.com\/elblog\/coronavirus\/protocolos-de-seguridad-para-agentes-turisticos-covid-19\/#breadcrumb"},"inLanguage":"es","potentialAction":[{"@type":"ReadAction","target":["https:\/\/www.webtenerife.com\/elblog\/coronavirus\/protocolos-de-seguridad-para-agentes-turisticos-covid-19\/"]}]},{"@type":"ImageObject","inLanguage":"es","@id":"https:\/\/www.webtenerife.com\/elblog\/coronavirus\/protocolos-de-seguridad-para-agentes-turisticos-covid-19\/#primaryimage","url":"https:\/\/www.webtenerife.com\/elblog\/wp-content\/uploads\/2019\/06\/cropped-Senderismo-Tenerife-Teide.jpg","contentUrl":"https:\/\/www.webtenerife.com\/elblog\/wp-content\/uploads\/2019\/06\/cropped-Senderismo-Tenerife-Teide.jpg","width":1024,"height":576},{"@type":"BreadcrumbList","@id":"https:\/\/www.webtenerife.com\/elblog\/coronavirus\/protocolos-de-seguridad-para-agentes-turisticos-covid-19\/#breadcrumb","itemListElement":[{"@type":"ListItem","position":1,"name":"Portada","item":"https:\/\/www.webtenerife.com\/elblog\/"},{"@type":"ListItem","position":2,"name":"Viajar a Tenerife. Todo sobre el covid-19","item":"https:\/\/www.webtenerife.com\/elblog\/coronavirus\/"},{"@type":"ListItem","position":3,"name":"Protocolos de seguridad para agentes tur\u00edsticos. Covid-19"}]},{"@type":"WebSite","@id":"https:\/\/www.webtenerife.com\/elblog\/#website","url":"https:\/\/www.webtenerife.com\/elblog\/","name":"Tenerife! despierta emociones","description":"El lugar donde buscar y compartir tu experiencia en Tenerife","publisher":{"@id":"https:\/\/www.webtenerife.com\/elblog\/#organization"},"potentialAction":[{"@type":"SearchAction","target":{"@type":"EntryPoint","urlTemplate":"https:\/\/www.webtenerife.com\/elblog\/?s={search_term_string}"},"query-input":{"@type":"PropertyValueSpecification","valueRequired":true,"valueName":"search_term_string"}}],"inLanguage":"es"},{"@type":"Organization","@id":"https:\/\/www.webtenerife.com\/elblog\/#organization","name":"SPET Turismo de Tenerife S.A.","url":"https:\/\/www.webtenerife.com\/elblog\/","logo":{"@type":"ImageObject","inLanguage":"es","@id":"https:\/\/www.webtenerife.com\/elblog\/#\/schema\/logo\/image\/","url":"https:\/\/www.webtenerife.com\/elblog\/wp-content\/uploads\/2018\/02\/logo_tenerife_turismo_es.png","contentUrl":"https:\/\/www.webtenerife.com\/elblog\/wp-content\/uploads\/2018\/02\/logo_tenerife_turismo_es.png","width":500,"height":500,"caption":"SPET Turismo de Tenerife S.A."},"image":{"@id":"https:\/\/www.webtenerife.com\/elblog\/#\/schema\/logo\/image\/"},"sameAs":["https:\/\/x.com\/VisitTenerifeES","https:\/\/www.instagram.com\/visit_tenerife\/","https:\/\/www.pinterest.es\/visittenerife\/","https:\/\/www.youtube.com\/user\/turismodetenerife"]}]}},"_links":{"self":[{"href":"https:\/\/www.webtenerife.com\/elblog\/wp-json\/wp\/v2\/pages\/4562","targetHints":{"allow":["GET"]}}],"collection":[{"href":"https:\/\/www.webtenerife.com\/elblog\/wp-json\/wp\/v2\/pages"}],"about":[{"href":"https:\/\/www.webtenerife.com\/elblog\/wp-json\/wp\/v2\/types\/page"}],"author":[{"embeddable":true,"href":"https:\/\/www.webtenerife.com\/elblog\/wp-json\/wp\/v2\/users\/5"}],"replies":[{"embeddable":true,"href":"https:\/\/www.webtenerife.com\/elblog\/wp-json\/wp\/v2\/comments?post=4562"}],"version-history":[{"count":7,"href":"https:\/\/www.webtenerife.com\/elblog\/wp-json\/wp\/v2\/pages\/4562\/revisions"}],"predecessor-version":[{"id":4771,"href":"https:\/\/www.webtenerife.com\/elblog\/wp-json\/wp\/v2\/pages\/4562\/revisions\/4771"}],"up":[{"embeddable":true,"href":"https:\/\/www.webtenerife.com\/elblog\/wp-json\/wp\/v2\/pages\/4533"}],"wp:featuredmedia":[{"embeddable":true,"href":"https:\/\/www.webtenerife.com\/elblog\/wp-json\/wp\/v2\/media\/4565"}],"wp:attachment":[{"href":"https:\/\/www.webtenerife.com\/elblog\/wp-json\/wp\/v2\/media?parent=4562"}],"curies":[{"name":"wp","href":"https:\/\/api.w.org\/{rel}","templated":true}]}}