{"id":4537,"date":"2020-10-27T10:39:12","date_gmt":"2020-10-27T09:39:12","guid":{"rendered":"https:\/\/www.webtenerife.com\/elblog\/?page_id=4537"},"modified":"2021-04-30T12:10:47","modified_gmt":"2021-04-30T11:10:47","slug":"informacion-viajeros","status":"publish","type":"page","link":"https:\/\/www.webtenerife.com\/elblog\/coronavirus\/informacion-viajeros\/","title":{"rendered":"Estancia en Tenerife. Seguridad Covid-19"},"content":{"rendered":"\n<p> Post actualizado el 30 de abril de 2021<\/p>\n\n\n\n<p>En este post encontrar\u00e1s toda la informaci\u00f3n necesaria para conocer los protocolos a seguir durante tu viaje a Tenerife. <\/p>\n\n\n\n<h2 class=\"wp-block-heading\">Estancia en <strong>Tenerife <\/strong><\/h2>\n\n\n\n<p>Si vas a viajar a Tenerife en los pr\u00f3ximos d\u00edas, en este <a href=\"https:\/\/www.webtenerife.com\/elblog\/coronavirus\/informacion-viajeros\/restricciones-en-canarias-semana-santa\/\">enlace encontrar\u00e1s las restricciones en Tenerife para el nivel 3.<\/a><\/p>\n\n\n\n<p>Todos los viajeros que se alojen en establecimientos tur\u00edsticos de la isla, tendr\u00e1n que presentar durante el check-in el resultado de test negativo en Covid-19<\/p>\n\n\n\n<p>Es obligatorio que te descargues en tu m\u00f3vil la aplicaci\u00f3n de alerta de contagios <strong>RadarCOVID<\/strong>, disponible tanto para IPhone como para Android. Te notificar\u00e1 sobre el riesgo de exposici\u00f3n a la COVID-19 seg\u00fan tu ubicaci\u00f3n.&nbsp; <\/p>\n\n\n\n<figure class=\"wp-block-image size-large\"><img fetchpriority=\"high\" decoding=\"async\" width=\"690\" height=\"388\" src=\"https:\/\/www.webtenerife.com\/elblog\/wp-content\/uploads\/2021\/04\/Cartela_Gen_1920x1080_SP_new-690x388.jpg\" alt=\"\" class=\"wp-image-4921\" srcset=\"https:\/\/www.webtenerife.com\/elblog\/wp-content\/uploads\/2021\/04\/Cartela_Gen_1920x1080_SP_new-690x388.jpg 690w, https:\/\/www.webtenerife.com\/elblog\/wp-content\/uploads\/2021\/04\/Cartela_Gen_1920x1080_SP_new-300x169.jpg 300w, https:\/\/www.webtenerife.com\/elblog\/wp-content\/uploads\/2021\/04\/Cartela_Gen_1920x1080_SP_new-768x432.jpg 768w, https:\/\/www.webtenerife.com\/elblog\/wp-content\/uploads\/2021\/04\/Cartela_Gen_1920x1080_SP_new-1536x864.jpg 1536w, https:\/\/www.webtenerife.com\/elblog\/wp-content\/uploads\/2021\/04\/Cartela_Gen_1920x1080_SP_new-1030x580.jpg 1030w, https:\/\/www.webtenerife.com\/elblog\/wp-content\/uploads\/2021\/04\/Cartela_Gen_1920x1080_SP_new-674x380.jpg 674w, https:\/\/www.webtenerife.com\/elblog\/wp-content\/uploads\/2021\/04\/Cartela_Gen_1920x1080_SP_new.jpg 1920w\" sizes=\"(max-width: 690px) 100vw, 690px\" \/><\/figure>\n\n\n\n<h3 class=\"wp-block-heading\"><strong>Medidas generales de prevenci\u00f3n frente al Covid-19<\/strong><\/h3>\n\n\n\n<p> El Gobierno de Canarias ha actualizado las medidas de prevenci\u00f3n frente a la Covid-19 para evitar su propagaci\u00f3n. Estas son las m\u00e1s importantes: <\/p>\n\n\n\n<h4 class=\"wp-block-heading\"><strong>1.- Uso obligatorio de mascarillas:<\/strong><\/h4>\n\n\n\n<figure class=\"wp-block-image size-large\"><img decoding=\"async\" width=\"690\" height=\"388\" src=\"https:\/\/www.webtenerife.com\/elblog\/wp-content\/uploads\/2021\/04\/Cartela_Mascarillas_1920x1080_SP_new-690x388.jpg\" alt=\"\" class=\"wp-image-4922\" srcset=\"https:\/\/www.webtenerife.com\/elblog\/wp-content\/uploads\/2021\/04\/Cartela_Mascarillas_1920x1080_SP_new-690x388.jpg 690w, https:\/\/www.webtenerife.com\/elblog\/wp-content\/uploads\/2021\/04\/Cartela_Mascarillas_1920x1080_SP_new-300x169.jpg 300w, https:\/\/www.webtenerife.com\/elblog\/wp-content\/uploads\/2021\/04\/Cartela_Mascarillas_1920x1080_SP_new-768x432.jpg 768w, https:\/\/www.webtenerife.com\/elblog\/wp-content\/uploads\/2021\/04\/Cartela_Mascarillas_1920x1080_SP_new-1536x864.jpg 1536w, https:\/\/www.webtenerife.com\/elblog\/wp-content\/uploads\/2021\/04\/Cartela_Mascarillas_1920x1080_SP_new-1030x580.jpg 1030w, https:\/\/www.webtenerife.com\/elblog\/wp-content\/uploads\/2021\/04\/Cartela_Mascarillas_1920x1080_SP_new-674x380.jpg 674w, https:\/\/www.webtenerife.com\/elblog\/wp-content\/uploads\/2021\/04\/Cartela_Mascarillas_1920x1080_SP_new.jpg 1920w\" sizes=\"(max-width: 690px) 100vw, 690px\" \/><\/figure>\n\n\n\n<ul class=\"wp-block-list\"><li>En espacios p\u00fablicos, tanto en la v\u00eda p\u00fablica, como en espacios al aire libre y en cualquier espacio cerrado de uso p\u00fablico, o que se encuentre abierto al p\u00fablico, con independencia del mantenimiento de la distancia de seguridad interpersonal de 1,5 metros. <\/li><li> En los establecimientos y servicios de hosteler\u00eda y restauraci\u00f3n, incluidos bares y cafeter\u00edas, se excluye la obligaci\u00f3n del uso de la mascarilla solamente en el momento de la ingesta de alimentos o bebidas.  <\/li><li> En los centros de trabajo. <\/li><li> En los espacios de la naturaleza o al aire libre fuera de n\u00facleos de poblaci\u00f3n, se excluye la obligaci\u00f3n del uso de la mascarilla siempre y cuando la afluencia de las personas permita mantener la distancia interpersonal de seguridad de, al menos, 2 metros.<\/li><li>En el caso de ejercicio de deporte individual al aire libre, quedar\u00e1 exceptuado el uso de la mascarilla exclusivamente durante la realizaci\u00f3n de la pr\u00e1ctica deportiva y siempre que pueda garantizarse el  mantenimiento de la distancia de dos metros con otras personas<\/li><li> En las playas y piscinas se excluye la obligaci\u00f3n del uso de la mascarilla durante el ba\u00f1o y mientras se permanezca en un espacio determinado (grupo m\u00e1ximo de 4 personas), sin desplazarse, y siempre que se pueda garantizar el respeto de la distancia de seguridad interpersonal entre todas las personas usuarias no convivientes. En cualquier caso, ser\u00e1 obligatorio el uso de mascarilla en los accesos, desplazamientos y paseos que se realicen en estos espacios e instalaciones.  <\/li><li>Los titulares de establecimientos, espacios y locales deber\u00e1n garantizar el cumplimiento de estas obligaciones en ellos. <\/li><li> Es obligatorio el uso correcto de la mascarilla, debiendo cubrir, durante todo el tiempo, la nariz y la boca completamente. Asimismo, deber\u00e1 estar adecuadamente ajustada a la nariz y a la barbilla, de modo que impida la expulsi\u00f3n de secreciones respiratorias al entorno. <\/li><li> Se recomienda la utilizaci\u00f3n de mascarilla en los espacios privados cuando se celebren reuniones de personas procedentes de distintos n\u00facleos de convivencia <\/li><li>Para aquellas personas de riesgo que no puedan hacer uso de la mascarilla, se les proh\u00edbe asistir a eventos y actos multitudinarios.<\/li><\/ul>\n\n\n\n<h4 class=\"wp-block-heading\"><strong>2.- Distancia de seguridad<\/strong> y aforos<\/h4>\n\n\n\n<ul class=\"wp-block-list\"><li>Como medida general, la distancia m\u00ednima entre personas no convivientes es de 1,5 metros.  <\/li><li>Se limita la libertad de circulaci\u00f3n de las personas en horario nocturno de las 23.00 a las 6.00 todos los d\u00edas. Esta limitaci\u00f3n de la libertad de circulaci\u00f3n de personas en horario nocturno no afecta a la realizaci\u00f3n de las actividades consideradas esenciales, recogidas en el art\u00edculo 5 del Real Decreto 926\/2020, de 25 de octubre<\/li><li>En el caso de los servicios m\u00e9dicos o sanitarios, el aforo ser\u00e1 del 75 %.<\/li><li>Centros hospitalarios y centros de atenci\u00f3n sociosanitaria para mayores &#8211; se establece, durante el periodo de vigencia de estas medidas, la suspensi\u00f3n de las salidas de los residentes fuera de los centros y adem\u00e1s Se limitar\u00e1n las visitas, que deber\u00e1n ser supervisadas por personal de los centros, y se extremar\u00e1n las medidas de prevenci\u00f3n establecidas. En los hospitales, los menores y las mujeres embarazadas que est\u00e9n ingresados podr\u00e1n recibir visitas. De esa limitaci\u00f3n estar\u00e1n exentos aquellos pacientes que sean casos confirmados con infecci\u00f3n resuelta.<\/li><li>En el transporte p\u00fablico regular terrestre, urbano y metropolitano, de viajeros, se reduce el aforo al 50%.<\/li><li>En la Hosteler\u00eda el aforo en terrazas est\u00e1 limitado al 50 % y los interiores permanecer\u00e1n cerrados, a excepci\u00f3n de los establecimientos integrados en centros y servicios sanitarios, de centros de trabajo para el consumo de su personal, de alojamiento tur\u00edstico para el uso exclusivo de hu\u00e9spedes en r\u00e9gimen de alojamiento, de centros de educaci\u00f3n, y de establecimientos con servicio de comedor de car\u00e1cter social; que tendr\u00e1 un aforo m\u00e1ximo del 33 %.<\/li><li>La permanencia de grupos de personas tanto en espacios de uso p\u00fablico como privado, cerrados o al aire libre, quedar\u00e1 limitada a un m\u00e1ximo de 4 personas, salvo en el caso de convivientes. Asimismo, ser\u00e1n consideradas convivientes aquellas personas residentes en Canarias que regresen a su unidad familiar durante el periodo de producci\u00f3n de efectos del presente Decreto. En las actividades de hosteler\u00eda, restauraci\u00f3n y terrazas, bares y cafeter\u00edas, el n\u00famero m\u00e1ximo de comensales por mesa ser\u00e1 de 4 personas.<\/li><li>Las actividades con gu\u00eda tur\u00edstico se desarrollar\u00e1n en grupos de convivencia estable de m\u00e1ximo 4 personas y hasta un m\u00e1ximo de 20 personas.<\/li><li>En las actividades culturales en cines, teatros y auditorios se permite un aforo de un 55%. Podr\u00e1 acomodarse al p\u00fablico por grupos de convivencia estable de hasta 4 personas.<\/li><li>Las visitas a museos, salas de exposiciones o monumentos tienen un aforo del 33% para cada una de las salas y espacios y un n\u00famero m\u00e1ximo de 4 personas en las actividades en grupo.<\/li><li>La ocupaci\u00f3n m\u00e1xima para los lugares de culto religioso ser\u00e1 del 33% en interiores. La utilizaci\u00f3n del exterior de los edificios o de la v\u00eda p\u00fablica para la celebraci\u00f3n de actos de culto no podr\u00e1n realizarse. <\/li><li>En velatorios, bodas y otras celebraciones religiosas o civiles, el aforo m\u00e1ximo en exteriores ser\u00e1 del 50 % y en interiores del 33 %; con un l\u00edmite de 10 personas en interiores y 20 en exteriores.<\/li><li>Los casinos de juego, salas de bingo, salones recreativos y de juegos, locales de apuestas externas y otros locales e instalaciones asimilables a los de actividad recreativa de juegos y apuestas tendr\u00e1n un aforo m\u00e1ximo del 33 %.<\/li><li>El aforo m\u00e1ximo en las playas y piscinas naturales es del 50 % con grupos de hasta cuatro personas como m\u00e1ximo.<\/li><li>En embarcaciones de recreo y ocio no se superar\u00e1 el 50% del aforo, en grupos de convivientes de m\u00e1ximo 4 personas.<\/li><li>En las piscinas de uso colectivo, saunas y spas o piscinas de hidromasajes  descubiertas no se superar\u00e1 el 33% del aforo autorizado. Los grupos de personas no podr\u00e1n ser de un n\u00famero superior a 4.<\/li><li>Las zonas de acampada, refugios o albergues permanecer\u00e1n cerrados, salvo en el caso de albergues que dispongan de habitaciones privadas con ba\u00f1o individual.<\/li><li>Campamentos infantiles y juveniles en exteriores tendr\u00e1n un aforo m\u00e1ximo del 33 % y en grupos de 4 personas que en total sumen hasta 20 personas incluido el monitor. En espacios interiores no est\u00e1n permitidas estas actividades.<\/li><li>Se proh\u00edben las visitas a las residencias de estudiantes.<\/li><li>Quedan suspendidas las actividades en el resto de centros recreativos para ni\u00f1os y j\u00f3venes, ludotecas infantiles o asociaciones.<\/li><li>No se permitir\u00e1 fumar, usar dispositivos de inhalaci\u00f3n de tabaco, pipas de agua, cachimbas, shisha o asimilados en los locales de entretenimiento, ocio, hosteler\u00eda, restauraci\u00f3n, incluidas las terrazas. No se permite fumar transitando por la v\u00eda p\u00fablica. <\/li><li>Queda prohibida la venta y consumo de bebidas alcoh\u00f3licas en la v\u00eda p\u00fablica. estando prohibidas las aglomeraciones para el consumo de alcohol (botellones)<\/li><li>En la medida de lo posible, se fomentar\u00e1 y priorizar\u00e1 el trabajo telem\u00e1tico en todas aquellas actividades que no requieran la presencia f\u00edsica.<\/li><\/ul>\n\n\n\n<h3 class=\"wp-block-heading\"> <strong>Si crees que puedes haberte contagiado por el covid-19<\/strong><\/h3>\n\n\n\n<h4 class=\"wp-block-heading\"><strong>1.- P\u00f3liza de seguro<\/strong><\/h4>\n\n\n\n<p> El Gobierno de Canarias ha habilitado una <a href=\"https:\/\/www.holaislascanarias.com\/sites\/default\/files\/Comunicado_seguro_AXA-ES.pdf\"><strong>p\u00f3liza de seguro<\/strong> <\/a>para los turistas que, encontr\u00e1ndose de vacaciones en las islas, puedan resultar afectados por la enfermedad. Los detalles y el modo de actuar est\u00e1 disponible en 14 idiomas. <\/p>\n\n\n\n<h4 class=\"wp-block-heading\"><strong>2.- Como actuar si presentas s\u00edntomas compatibles con Covid-19<\/strong><\/h4>\n\n\n\n<p>Si durante tu viaje en Tenerife notas cualquier s\u00edntoma que puedan suponer que te has contagiado como tos, fiebre o&nbsp; dificultad respiratoria; te recomendamos que procedas de la siguiente forma: <\/p>\n\n\n\n<ul class=\"wp-block-list\"><li> <strong>Auto aislarse<\/strong>: en una habitaci\u00f3n de uso individual con ventana, manteniendo la puerta cerrada, y, si es posible, ba\u00f1o individual. Si no es posible, mant\u00e9n la distancia de seguridad de 2 metros con el resto de convivientes, y extrema la higiene. <\/li><li> <strong>Llamar al Tel\u00e9fono de informaci\u00f3n sobre el COVID-19 <\/strong>habilitado por el Gobierno de Canarias 900 112 061 si hablas espa\u00f1ol, o al 112 para que te atiendan en ingl\u00e9s, donde, seg\u00fan tu situaci\u00f3n te informar\u00e1n <\/li><\/ul>\n\n\n\n<h2 class=\"wp-block-heading\">Protocolos de seguridad en los servicios tur\u00edsticos<\/h2>\n\n\n\n<p><strong>\u00bfEres profesional en el sector tur\u00edstico?<\/strong> Te ayudamos a  implantar los <a href=\"https:\/\/www.webtenerife.com\/elblog\/protocolos-de-seguridad-para-agentes-turisticos-covid-19\/\">protocolos de seguridad frente al Covid-19<\/a>. Seguridad para hu\u00e9spedes y trabajadores <\/p>\n\n\n\n<h2 class=\"wp-block-heading\">Datos Covid-19 en Tenerife<\/h2>\n\n\n\n<p> Datos, actualizados diariamente, del a<a href=\"https:\/\/www.gobiernodecanarias.org\/principal\/coronavirus\/acceso_datos.html\">cumulado de contagios por Coronavirus en Canarias y Tenerife<\/a> respecto al resto de Europa. <\/p>\n\n\n\n<p><\/p>\n","protected":false},"excerpt":{"rendered":"<p>Post actualizado el 30 de abril de 2021 En este post encontrar\u00e1s toda la informaci\u00f3n necesaria para conocer los protocolos a seguir durante tu&hellip;<\/p>\n","protected":false},"author":4,"featured_media":4559,"parent":4533,"menu_order":0,"comment_status":"open","ping_status":"closed","template":"template-fullwidth.php","meta":{"_lmt_disableupdate":"","_lmt_disable":"","footnotes":""},"class_list":["post-4537","page","type-page","status-publish","has-post-thumbnail","hentry"],"yoast_head":"<!-- This site is optimized with the Yoast SEO plugin v27.1 - https:\/\/yoast.com\/product\/yoast-seo-wordpress\/ -->\n<title>Estancia en Tenerife. Seguridad Covid-19 - Tenerife! despierta emociones<\/title>\n<meta name=\"description\" content=\"Viajar a Tenerife. Toda la informaci\u00f3n sobre la normativa y recomedaciones sobre el Covid-19. Actualizado el 15 de marzo de 2021\" \/>\n<meta name=\"robots\" content=\"index, follow, max-snippet:-1, max-image-preview:large, max-video-preview:-1\" \/>\n<link rel=\"canonical\" href=\"https:\/\/www.webtenerife.com\/elblog\/coronavirus\/informacion-viajeros\/\" \/>\n<meta property=\"og:locale\" content=\"es_ES\" \/>\n<meta property=\"og:type\" content=\"article\" \/>\n<meta property=\"og:title\" content=\"Estancia en Tenerife. Seguridad Covid-19 - Tenerife! despierta emociones\" \/>\n<meta property=\"og:description\" content=\"Viajar a Tenerife. Toda la informaci\u00f3n sobre la normativa y recomedaciones sobre el Covid-19. Actualizado el 15 de marzo de 2021\" \/>\n<meta property=\"og:url\" content=\"https:\/\/www.webtenerife.com\/elblog\/coronavirus\/informacion-viajeros\/\" \/>\n<meta property=\"og:site_name\" content=\"Tenerife! despierta emociones\" \/>\n<meta property=\"article:modified_time\" content=\"2021-04-30T11:10:47+00:00\" \/>\n<meta property=\"og:image\" content=\"https:\/\/www.webtenerife.com\/elblog\/wp-content\/uploads\/2020\/08\/cropped-Cartel-aeropuerto-COVID19_RRSS_1080x1080_SP_v2.jpg\" \/>\n\t<meta property=\"og:image:width\" content=\"1080\" \/>\n\t<meta property=\"og:image:height\" content=\"607\" \/>\n\t<meta property=\"og:image:type\" content=\"image\/jpeg\" \/>\n<meta name=\"twitter:card\" content=\"summary_large_image\" \/>\n<meta name=\"twitter:site\" content=\"@VisitTenerifeES\" \/>\n<meta name=\"twitter:label1\" content=\"Tiempo de lectura\" \/>\n\t<meta name=\"twitter:data1\" content=\"8 minutos\" \/>\n<script type=\"application\/ld+json\" class=\"yoast-schema-graph\">{\"@context\":\"https:\/\/schema.org\",\"@graph\":[{\"@type\":\"WebPage\",\"@id\":\"https:\/\/www.webtenerife.com\/elblog\/coronavirus\/informacion-viajeros\/\",\"url\":\"https:\/\/www.webtenerife.com\/elblog\/coronavirus\/informacion-viajeros\/\",\"name\":\"Estancia en Tenerife. Seguridad Covid-19 - Tenerife! despierta emociones\",\"isPartOf\":{\"@id\":\"https:\/\/www.webtenerife.com\/elblog\/#website\"},\"primaryImageOfPage\":{\"@id\":\"https:\/\/www.webtenerife.com\/elblog\/coronavirus\/informacion-viajeros\/#primaryimage\"},\"image\":{\"@id\":\"https:\/\/www.webtenerife.com\/elblog\/coronavirus\/informacion-viajeros\/#primaryimage\"},\"thumbnailUrl\":\"https:\/\/www.webtenerife.com\/elblog\/wp-content\/uploads\/2020\/08\/cropped-Cartel-aeropuerto-COVID19_RRSS_1080x1080_SP_v2.jpg\",\"datePublished\":\"2020-10-27T09:39:12+00:00\",\"dateModified\":\"2021-04-30T11:10:47+00:00\",\"description\":\"Viajar a Tenerife. Toda la informaci\u00f3n sobre la normativa y recomedaciones sobre el Covid-19. Actualizado el 15 de marzo de 2021\",\"breadcrumb\":{\"@id\":\"https:\/\/www.webtenerife.com\/elblog\/coronavirus\/informacion-viajeros\/#breadcrumb\"},\"inLanguage\":\"es\",\"potentialAction\":[{\"@type\":\"ReadAction\",\"target\":[\"https:\/\/www.webtenerife.com\/elblog\/coronavirus\/informacion-viajeros\/\"]}]},{\"@type\":\"ImageObject\",\"inLanguage\":\"es\",\"@id\":\"https:\/\/www.webtenerife.com\/elblog\/coronavirus\/informacion-viajeros\/#primaryimage\",\"url\":\"https:\/\/www.webtenerife.com\/elblog\/wp-content\/uploads\/2020\/08\/cropped-Cartel-aeropuerto-COVID19_RRSS_1080x1080_SP_v2.jpg\",\"contentUrl\":\"https:\/\/www.webtenerife.com\/elblog\/wp-content\/uploads\/2020\/08\/cropped-Cartel-aeropuerto-COVID19_RRSS_1080x1080_SP_v2.jpg\",\"width\":1080,\"height\":607},{\"@type\":\"BreadcrumbList\",\"@id\":\"https:\/\/www.webtenerife.com\/elblog\/coronavirus\/informacion-viajeros\/#breadcrumb\",\"itemListElement\":[{\"@type\":\"ListItem\",\"position\":1,\"name\":\"Portada\",\"item\":\"https:\/\/www.webtenerife.com\/elblog\/\"},{\"@type\":\"ListItem\",\"position\":2,\"name\":\"Viajar a Tenerife. Todo sobre el covid-19\",\"item\":\"https:\/\/www.webtenerife.com\/elblog\/coronavirus\/\"},{\"@type\":\"ListItem\",\"position\":3,\"name\":\"Estancia en Tenerife. Seguridad Covid-19\"}]},{\"@type\":\"WebSite\",\"@id\":\"https:\/\/www.webtenerife.com\/elblog\/#website\",\"url\":\"https:\/\/www.webtenerife.com\/elblog\/\",\"name\":\"Tenerife! despierta emociones\",\"description\":\"El lugar donde buscar y compartir tu experiencia en Tenerife\",\"publisher\":{\"@id\":\"https:\/\/www.webtenerife.com\/elblog\/#organization\"},\"potentialAction\":[{\"@type\":\"SearchAction\",\"target\":{\"@type\":\"EntryPoint\",\"urlTemplate\":\"https:\/\/www.webtenerife.com\/elblog\/?s={search_term_string}\"},\"query-input\":{\"@type\":\"PropertyValueSpecification\",\"valueRequired\":true,\"valueName\":\"search_term_string\"}}],\"inLanguage\":\"es\"},{\"@type\":\"Organization\",\"@id\":\"https:\/\/www.webtenerife.com\/elblog\/#organization\",\"name\":\"SPET Turismo de Tenerife S.A.\",\"url\":\"https:\/\/www.webtenerife.com\/elblog\/\",\"logo\":{\"@type\":\"ImageObject\",\"inLanguage\":\"es\",\"@id\":\"https:\/\/www.webtenerife.com\/elblog\/#\/schema\/logo\/image\/\",\"url\":\"https:\/\/www.webtenerife.com\/elblog\/wp-content\/uploads\/2018\/02\/logo_tenerife_turismo_es.png\",\"contentUrl\":\"https:\/\/www.webtenerife.com\/elblog\/wp-content\/uploads\/2018\/02\/logo_tenerife_turismo_es.png\",\"width\":500,\"height\":500,\"caption\":\"SPET Turismo de Tenerife S.A.\"},\"image\":{\"@id\":\"https:\/\/www.webtenerife.com\/elblog\/#\/schema\/logo\/image\/\"},\"sameAs\":[\"https:\/\/x.com\/VisitTenerifeES\",\"https:\/\/www.instagram.com\/visit_tenerife\/\",\"https:\/\/www.pinterest.es\/visittenerife\/\",\"https:\/\/www.youtube.com\/user\/turismodetenerife\"]}]}<\/script>\n<!-- \/ Yoast SEO plugin. -->","yoast_head_json":{"title":"Estancia en Tenerife. Seguridad Covid-19 - Tenerife! despierta emociones","description":"Viajar a Tenerife. Toda la informaci\u00f3n sobre la normativa y recomedaciones sobre el Covid-19. Actualizado el 15 de marzo de 2021","robots":{"index":"index","follow":"follow","max-snippet":"max-snippet:-1","max-image-preview":"max-image-preview:large","max-video-preview":"max-video-preview:-1"},"canonical":"https:\/\/www.webtenerife.com\/elblog\/coronavirus\/informacion-viajeros\/","og_locale":"es_ES","og_type":"article","og_title":"Estancia en Tenerife. Seguridad Covid-19 - Tenerife! despierta emociones","og_description":"Viajar a Tenerife. Toda la informaci\u00f3n sobre la normativa y recomedaciones sobre el Covid-19. Actualizado el 15 de marzo de 2021","og_url":"https:\/\/www.webtenerife.com\/elblog\/coronavirus\/informacion-viajeros\/","og_site_name":"Tenerife! despierta emociones","article_modified_time":"2021-04-30T11:10:47+00:00","og_image":[{"width":1080,"height":607,"url":"https:\/\/www.webtenerife.com\/elblog\/wp-content\/uploads\/2020\/08\/cropped-Cartel-aeropuerto-COVID19_RRSS_1080x1080_SP_v2.jpg","type":"image\/jpeg"}],"twitter_card":"summary_large_image","twitter_site":"@VisitTenerifeES","twitter_misc":{"Tiempo de lectura":"8 minutos"},"schema":{"@context":"https:\/\/schema.org","@graph":[{"@type":"WebPage","@id":"https:\/\/www.webtenerife.com\/elblog\/coronavirus\/informacion-viajeros\/","url":"https:\/\/www.webtenerife.com\/elblog\/coronavirus\/informacion-viajeros\/","name":"Estancia en Tenerife. Seguridad Covid-19 - Tenerife! despierta emociones","isPartOf":{"@id":"https:\/\/www.webtenerife.com\/elblog\/#website"},"primaryImageOfPage":{"@id":"https:\/\/www.webtenerife.com\/elblog\/coronavirus\/informacion-viajeros\/#primaryimage"},"image":{"@id":"https:\/\/www.webtenerife.com\/elblog\/coronavirus\/informacion-viajeros\/#primaryimage"},"thumbnailUrl":"https:\/\/www.webtenerife.com\/elblog\/wp-content\/uploads\/2020\/08\/cropped-Cartel-aeropuerto-COVID19_RRSS_1080x1080_SP_v2.jpg","datePublished":"2020-10-27T09:39:12+00:00","dateModified":"2021-04-30T11:10:47+00:00","description":"Viajar a Tenerife. Toda la informaci\u00f3n sobre la normativa y recomedaciones sobre el Covid-19. Actualizado el 15 de marzo de 2021","breadcrumb":{"@id":"https:\/\/www.webtenerife.com\/elblog\/coronavirus\/informacion-viajeros\/#breadcrumb"},"inLanguage":"es","potentialAction":[{"@type":"ReadAction","target":["https:\/\/www.webtenerife.com\/elblog\/coronavirus\/informacion-viajeros\/"]}]},{"@type":"ImageObject","inLanguage":"es","@id":"https:\/\/www.webtenerife.com\/elblog\/coronavirus\/informacion-viajeros\/#primaryimage","url":"https:\/\/www.webtenerife.com\/elblog\/wp-content\/uploads\/2020\/08\/cropped-Cartel-aeropuerto-COVID19_RRSS_1080x1080_SP_v2.jpg","contentUrl":"https:\/\/www.webtenerife.com\/elblog\/wp-content\/uploads\/2020\/08\/cropped-Cartel-aeropuerto-COVID19_RRSS_1080x1080_SP_v2.jpg","width":1080,"height":607},{"@type":"BreadcrumbList","@id":"https:\/\/www.webtenerife.com\/elblog\/coronavirus\/informacion-viajeros\/#breadcrumb","itemListElement":[{"@type":"ListItem","position":1,"name":"Portada","item":"https:\/\/www.webtenerife.com\/elblog\/"},{"@type":"ListItem","position":2,"name":"Viajar a Tenerife. Todo sobre el covid-19","item":"https:\/\/www.webtenerife.com\/elblog\/coronavirus\/"},{"@type":"ListItem","position":3,"name":"Estancia en Tenerife. Seguridad Covid-19"}]},{"@type":"WebSite","@id":"https:\/\/www.webtenerife.com\/elblog\/#website","url":"https:\/\/www.webtenerife.com\/elblog\/","name":"Tenerife! despierta emociones","description":"El lugar donde buscar y compartir tu experiencia en Tenerife","publisher":{"@id":"https:\/\/www.webtenerife.com\/elblog\/#organization"},"potentialAction":[{"@type":"SearchAction","target":{"@type":"EntryPoint","urlTemplate":"https:\/\/www.webtenerife.com\/elblog\/?s={search_term_string}"},"query-input":{"@type":"PropertyValueSpecification","valueRequired":true,"valueName":"search_term_string"}}],"inLanguage":"es"},{"@type":"Organization","@id":"https:\/\/www.webtenerife.com\/elblog\/#organization","name":"SPET Turismo de Tenerife S.A.","url":"https:\/\/www.webtenerife.com\/elblog\/","logo":{"@type":"ImageObject","inLanguage":"es","@id":"https:\/\/www.webtenerife.com\/elblog\/#\/schema\/logo\/image\/","url":"https:\/\/www.webtenerife.com\/elblog\/wp-content\/uploads\/2018\/02\/logo_tenerife_turismo_es.png","contentUrl":"https:\/\/www.webtenerife.com\/elblog\/wp-content\/uploads\/2018\/02\/logo_tenerife_turismo_es.png","width":500,"height":500,"caption":"SPET Turismo de Tenerife S.A."},"image":{"@id":"https:\/\/www.webtenerife.com\/elblog\/#\/schema\/logo\/image\/"},"sameAs":["https:\/\/x.com\/VisitTenerifeES","https:\/\/www.instagram.com\/visit_tenerife\/","https:\/\/www.pinterest.es\/visittenerife\/","https:\/\/www.youtube.com\/user\/turismodetenerife"]}]}},"_links":{"self":[{"href":"https:\/\/www.webtenerife.com\/elblog\/wp-json\/wp\/v2\/pages\/4537","targetHints":{"allow":["GET"]}}],"collection":[{"href":"https:\/\/www.webtenerife.com\/elblog\/wp-json\/wp\/v2\/pages"}],"about":[{"href":"https:\/\/www.webtenerife.com\/elblog\/wp-json\/wp\/v2\/types\/page"}],"author":[{"embeddable":true,"href":"https:\/\/www.webtenerife.com\/elblog\/wp-json\/wp\/v2\/users\/4"}],"replies":[{"embeddable":true,"href":"https:\/\/www.webtenerife.com\/elblog\/wp-json\/wp\/v2\/comments?post=4537"}],"version-history":[{"count":63,"href":"https:\/\/www.webtenerife.com\/elblog\/wp-json\/wp\/v2\/pages\/4537\/revisions"}],"predecessor-version":[{"id":4932,"href":"https:\/\/www.webtenerife.com\/elblog\/wp-json\/wp\/v2\/pages\/4537\/revisions\/4932"}],"up":[{"embeddable":true,"href":"https:\/\/www.webtenerife.com\/elblog\/wp-json\/wp\/v2\/pages\/4533"}],"wp:featuredmedia":[{"embeddable":true,"href":"https:\/\/www.webtenerife.com\/elblog\/wp-json\/wp\/v2\/media\/4559"}],"wp:attachment":[{"href":"https:\/\/www.webtenerife.com\/elblog\/wp-json\/wp\/v2\/media?parent=4537"}],"curies":[{"name":"wp","href":"https:\/\/api.w.org\/{rel}","templated":true}]}}