{"id":4533,"date":"2020-10-27T10:37:52","date_gmt":"2020-10-27T09:37:52","guid":{"rendered":"https:\/\/www.webtenerife.com\/elblog\/?page_id=4533"},"modified":"2021-10-20T10:22:32","modified_gmt":"2021-10-20T09:22:32","slug":"coronavirus","status":"publish","type":"page","link":"https:\/\/www.webtenerife.com\/elblog\/coronavirus\/","title":{"rendered":"Viajar a Tenerife. Todo sobre el covid-19"},"content":{"rendered":"\n<p>En esta p\u00e1gina encontrar\u00e1s toda la informaci\u00f3n relacionada con los viajes a Tenerife y la estancia en la isla, en la situaci\u00f3n que vivimos con el Covid-19. Tanto si eres viajero como profesional del sector tur\u00edstico, podr\u00e1s revisar los protocolos y normativas de seguridad sanitarios.<\/p>\n\n\n\n<h2 class=\"wp-block-heading\">Tr\u00e1mites antes de viajar a Tenerife<\/h2>\n\n\n\n<h3 class=\"wp-block-heading\"><strong><strong>Movilidad tur\u00edstica desde y hacia la isla de Tenerife<\/strong><\/strong><\/h3>\n\n\n\n<p>Consulta aqu\u00ed las condiciones para viajar a la isla:<\/p>\n\n\n\n<p><a href=\"https:\/\/www.holaislascanarias.com\/coronavirus\/tramites\/\">https:\/\/www.holaislascanarias.com\/coronavirus\/tramites\/<\/a><\/p>\n\n\n\n<p> Y aqu\u00ed las medidas vigentes en los diferentes niveles:<\/p>\n\n\n\n<p><a href=\"https:\/\/www.holaislascanarias.com\/coronavirus\/medidas\/\">https:\/\/www.holaislascanarias.com\/coronavirus\/medidas\/<\/a><\/p>\n\n\n\n<p>En este enlace del Gobierno de Espa\u00f1a encontraras toda la<a rel=\"noreferrer noopener\" href=\"https:\/\/www.mscbs.gob.es\/profesionales\/saludPublica\/ccayes\/alertasActual\/nCov\/spth.htm\" target=\"_blank\"> informaci\u00f3n relacionada con los tr\u00e1mites y requisitos para viajar a Espa\u00f1a<\/a><\/p>\n\n\n\n<div class=\"wp-block-columns has-2-columns is-layout-flex wp-container-core-columns-is-layout-9d6595d7 wp-block-columns-is-layout-flex\">\n<div class=\"wp-block-column is-layout-flow wp-block-column-is-layout-flow\">\n<h2 class=\"has-text-align-left wp-block-heading\">Bienvenido a Tenerife<\/h2>\n\n\n\n<figure class=\"wp-block-image\"><img fetchpriority=\"high\" decoding=\"async\" width=\"690\" height=\"355\" src=\"https:\/\/www.webtenerife.com\/elblog\/wp-content\/uploads\/2020\/10\/image00013-690x355.jpeg\" alt=\"\" class=\"wp-image-4541\"\/><\/figure>\n\n\n\n<p><strong>\u00bfVas a viajar a Tenerife?  <\/strong> Aqu\u00ed encontrar\u00e1s toda la informaci\u00f3n necesaria; los protocolos de seguridad frente al Covid-19  durante el viaje. <\/p>\n\n\n\n<div class=\"wp-block-button alignleft\"><a class=\"wp-block-button__link has-luminous-vivid-orange-background-color has-background\" href=\"https:\/\/www.holaislascanarias.com\/coronavirus\/medidas\/\">Viajeros<\/a><\/div>\n\n\n\n<p><\/p>\n<\/div>\n\n\n\n<div class=\"wp-block-column is-layout-flow wp-block-column-is-layout-flow\">\n<h2 class=\"has-text-align-left wp-block-heading\">Seguridad tur\u00edstica<\/h2>\n\n\n\n<figure class=\"wp-block-image\"><img decoding=\"async\" width=\"690\" height=\"355\" src=\"https:\/\/www.webtenerife.com\/elblog\/wp-content\/uploads\/2020\/03\/shutterstock_1259583880-e1603812183309-690x355.jpg\" alt=\"Aeropuerto Tenerife\" class=\"wp-image-4228\" srcset=\"https:\/\/www.webtenerife.com\/elblog\/wp-content\/uploads\/2020\/03\/shutterstock_1259583880-e1603812183309-690x355.jpg 690w, https:\/\/www.webtenerife.com\/elblog\/wp-content\/uploads\/2020\/03\/shutterstock_1259583880-e1603812183309-300x155.jpg 300w, https:\/\/www.webtenerife.com\/elblog\/wp-content\/uploads\/2020\/03\/shutterstock_1259583880-e1603812183309-768x396.jpg 768w, https:\/\/www.webtenerife.com\/elblog\/wp-content\/uploads\/2020\/03\/shutterstock_1259583880-e1603812183309.jpg 1000w\" sizes=\"(max-width: 690px) 100vw, 690px\" \/><\/figure>\n\n\n\n<p><strong>\u00bfEres profesional en el sector tur\u00edstico?<\/strong> Te ayudamos a  implantar los protocolos de seguridad frente al Covid-19. Seguridad para hu\u00e9spedes y trabajadores<\/p>\n\n\n\n<div class=\"wp-block-button alignleft\"><a class=\"wp-block-button__link has-luminous-vivid-orange-background-color has-background\" href=\"https:\/\/www.webtenerife.com\/elblog\/protocolos-de-seguridad-para-agentes-turisticos-covid-19\/\">Protocolos de seguridad<\/a><\/div>\n<\/div>\n<\/div>\n\n\n\n<h2 class=\"wp-block-heading\">Datos Covid-19 en Tenerife<\/h2>\n\n\n\n<p>Datos actualizados diariamente, del acumulado de contagios por Coronavirus en Canarias y Tenerife respecto al resto de Europa.<\/p>\n\n\n\n<div class=\"wp-block-button\"><a class=\"wp-block-button__link has-luminous-vivid-orange-background-color has-background\" href=\"https:\/\/www.gobiernodecanarias.org\/principal\/coronavirus\/acceso_datos.html\" target=\"_blank\" rel=\"noreferrer noopener\">Datos Covid-19<\/a><\/div>\n\n\n\n<p><\/p>\n","protected":false},"excerpt":{"rendered":"<p>En esta p\u00e1gina encontrar\u00e1s toda la informaci\u00f3n relacionada con los viajes a Tenerife y la estancia en la isla, en la situaci\u00f3n que vivimos&hellip;<\/p>\n","protected":false},"author":4,"featured_media":4596,"parent":0,"menu_order":0,"comment_status":"open","ping_status":"closed","template":"","meta":{"_lmt_disableupdate":"","_lmt_disable":"","footnotes":""},"class_list":["post-4533","page","type-page","status-publish","has-post-thumbnail","hentry"],"yoast_head":"<!-- This site is optimized with the Yoast SEO plugin v27.1 - https:\/\/yoast.com\/product\/yoast-seo-wordpress\/ -->\n<title>Viajar a Tenerife. Todo sobre el covid-19 - Tenerife! despierta emociones<\/title>\n<meta name=\"description\" content=\"Viajar a Tenerife. Todo sobre el covid-19. Actualizado el 22 de maro de 2021. Turismo de Tenerife.\" \/>\n<meta name=\"robots\" content=\"index, follow, max-snippet:-1, max-image-preview:large, max-video-preview:-1\" \/>\n<link rel=\"canonical\" href=\"https:\/\/www.webtenerife.com\/elblog\/coronavirus\/\" \/>\n<meta property=\"og:locale\" content=\"es_ES\" \/>\n<meta property=\"og:type\" content=\"article\" \/>\n<meta property=\"og:title\" content=\"Viajar a Tenerife. Todo sobre el covid-19 - Tenerife! despierta emociones\" \/>\n<meta property=\"og:description\" content=\"Viajar a Tenerife. Todo sobre el covid-19. Actualizado el 22 de maro de 2021. Turismo de Tenerife.\" \/>\n<meta property=\"og:url\" content=\"https:\/\/www.webtenerife.com\/elblog\/coronavirus\/\" \/>\n<meta property=\"og:site_name\" content=\"Tenerife! despierta emociones\" \/>\n<meta property=\"article:modified_time\" content=\"2021-10-20T09:22:32+00:00\" \/>\n<meta property=\"og:image\" content=\"https:\/\/www.webtenerife.com\/elblog\/wp-content\/uploads\/2020\/06\/cropped-shutterstock_1420854623-1.jpg\" \/>\n\t<meta property=\"og:image:width\" content=\"1000\" \/>\n\t<meta property=\"og:image:height\" content=\"562\" \/>\n\t<meta property=\"og:image:type\" content=\"image\/jpeg\" \/>\n<meta name=\"twitter:card\" content=\"summary_large_image\" \/>\n<meta name=\"twitter:site\" content=\"@VisitTenerifeES\" \/>\n<meta name=\"twitter:label1\" content=\"Tiempo de lectura\" \/>\n\t<meta name=\"twitter:data1\" content=\"2 minutos\" \/>\n<script type=\"application\/ld+json\" class=\"yoast-schema-graph\">{\"@context\":\"https:\/\/schema.org\",\"@graph\":[{\"@type\":\"WebPage\",\"@id\":\"https:\/\/www.webtenerife.com\/elblog\/coronavirus\/\",\"url\":\"https:\/\/www.webtenerife.com\/elblog\/coronavirus\/\",\"name\":\"Viajar a Tenerife. Todo sobre el covid-19 - Tenerife! despierta emociones\",\"isPartOf\":{\"@id\":\"https:\/\/www.webtenerife.com\/elblog\/#website\"},\"primaryImageOfPage\":{\"@id\":\"https:\/\/www.webtenerife.com\/elblog\/coronavirus\/#primaryimage\"},\"image\":{\"@id\":\"https:\/\/www.webtenerife.com\/elblog\/coronavirus\/#primaryimage\"},\"thumbnailUrl\":\"https:\/\/www.webtenerife.com\/elblog\/wp-content\/uploads\/2020\/06\/cropped-shutterstock_1420854623-1.jpg\",\"datePublished\":\"2020-10-27T09:37:52+00:00\",\"dateModified\":\"2021-10-20T09:22:32+00:00\",\"description\":\"Viajar a Tenerife. Todo sobre el covid-19. Actualizado el 22 de maro de 2021. Turismo de Tenerife.\",\"breadcrumb\":{\"@id\":\"https:\/\/www.webtenerife.com\/elblog\/coronavirus\/#breadcrumb\"},\"inLanguage\":\"es\",\"potentialAction\":[{\"@type\":\"ReadAction\",\"target\":[\"https:\/\/www.webtenerife.com\/elblog\/coronavirus\/\"]}]},{\"@type\":\"ImageObject\",\"inLanguage\":\"es\",\"@id\":\"https:\/\/www.webtenerife.com\/elblog\/coronavirus\/#primaryimage\",\"url\":\"https:\/\/www.webtenerife.com\/elblog\/wp-content\/uploads\/2020\/06\/cropped-shutterstock_1420854623-1.jpg\",\"contentUrl\":\"https:\/\/www.webtenerife.com\/elblog\/wp-content\/uploads\/2020\/06\/cropped-shutterstock_1420854623-1.jpg\",\"width\":1000,\"height\":562},{\"@type\":\"BreadcrumbList\",\"@id\":\"https:\/\/www.webtenerife.com\/elblog\/coronavirus\/#breadcrumb\",\"itemListElement\":[{\"@type\":\"ListItem\",\"position\":1,\"name\":\"Portada\",\"item\":\"https:\/\/www.webtenerife.com\/elblog\/\"},{\"@type\":\"ListItem\",\"position\":2,\"name\":\"Viajar a Tenerife. Todo sobre el covid-19\"}]},{\"@type\":\"WebSite\",\"@id\":\"https:\/\/www.webtenerife.com\/elblog\/#website\",\"url\":\"https:\/\/www.webtenerife.com\/elblog\/\",\"name\":\"Tenerife! despierta emociones\",\"description\":\"El lugar donde buscar y compartir tu experiencia en Tenerife\",\"publisher\":{\"@id\":\"https:\/\/www.webtenerife.com\/elblog\/#organization\"},\"potentialAction\":[{\"@type\":\"SearchAction\",\"target\":{\"@type\":\"EntryPoint\",\"urlTemplate\":\"https:\/\/www.webtenerife.com\/elblog\/?s={search_term_string}\"},\"query-input\":{\"@type\":\"PropertyValueSpecification\",\"valueRequired\":true,\"valueName\":\"search_term_string\"}}],\"inLanguage\":\"es\"},{\"@type\":\"Organization\",\"@id\":\"https:\/\/www.webtenerife.com\/elblog\/#organization\",\"name\":\"SPET Turismo de Tenerife S.A.\",\"url\":\"https:\/\/www.webtenerife.com\/elblog\/\",\"logo\":{\"@type\":\"ImageObject\",\"inLanguage\":\"es\",\"@id\":\"https:\/\/www.webtenerife.com\/elblog\/#\/schema\/logo\/image\/\",\"url\":\"https:\/\/www.webtenerife.com\/elblog\/wp-content\/uploads\/2018\/02\/logo_tenerife_turismo_es.png\",\"contentUrl\":\"https:\/\/www.webtenerife.com\/elblog\/wp-content\/uploads\/2018\/02\/logo_tenerife_turismo_es.png\",\"width\":500,\"height\":500,\"caption\":\"SPET Turismo de Tenerife S.A.\"},\"image\":{\"@id\":\"https:\/\/www.webtenerife.com\/elblog\/#\/schema\/logo\/image\/\"},\"sameAs\":[\"https:\/\/x.com\/VisitTenerifeES\",\"https:\/\/www.instagram.com\/visit_tenerife\/\",\"https:\/\/www.pinterest.es\/visittenerife\/\",\"https:\/\/www.youtube.com\/user\/turismodetenerife\"]}]}<\/script>\n<!-- \/ Yoast SEO plugin. -->","yoast_head_json":{"title":"Viajar a Tenerife. Todo sobre el covid-19 - Tenerife! despierta emociones","description":"Viajar a Tenerife. Todo sobre el covid-19. Actualizado el 22 de maro de 2021. Turismo de Tenerife.","robots":{"index":"index","follow":"follow","max-snippet":"max-snippet:-1","max-image-preview":"max-image-preview:large","max-video-preview":"max-video-preview:-1"},"canonical":"https:\/\/www.webtenerife.com\/elblog\/coronavirus\/","og_locale":"es_ES","og_type":"article","og_title":"Viajar a Tenerife. Todo sobre el covid-19 - Tenerife! despierta emociones","og_description":"Viajar a Tenerife. Todo sobre el covid-19. Actualizado el 22 de maro de 2021. Turismo de Tenerife.","og_url":"https:\/\/www.webtenerife.com\/elblog\/coronavirus\/","og_site_name":"Tenerife! despierta emociones","article_modified_time":"2021-10-20T09:22:32+00:00","og_image":[{"width":1000,"height":562,"url":"https:\/\/www.webtenerife.com\/elblog\/wp-content\/uploads\/2020\/06\/cropped-shutterstock_1420854623-1.jpg","type":"image\/jpeg"}],"twitter_card":"summary_large_image","twitter_site":"@VisitTenerifeES","twitter_misc":{"Tiempo de lectura":"2 minutos"},"schema":{"@context":"https:\/\/schema.org","@graph":[{"@type":"WebPage","@id":"https:\/\/www.webtenerife.com\/elblog\/coronavirus\/","url":"https:\/\/www.webtenerife.com\/elblog\/coronavirus\/","name":"Viajar a Tenerife. Todo sobre el covid-19 - Tenerife! despierta emociones","isPartOf":{"@id":"https:\/\/www.webtenerife.com\/elblog\/#website"},"primaryImageOfPage":{"@id":"https:\/\/www.webtenerife.com\/elblog\/coronavirus\/#primaryimage"},"image":{"@id":"https:\/\/www.webtenerife.com\/elblog\/coronavirus\/#primaryimage"},"thumbnailUrl":"https:\/\/www.webtenerife.com\/elblog\/wp-content\/uploads\/2020\/06\/cropped-shutterstock_1420854623-1.jpg","datePublished":"2020-10-27T09:37:52+00:00","dateModified":"2021-10-20T09:22:32+00:00","description":"Viajar a Tenerife. Todo sobre el covid-19. Actualizado el 22 de maro de 2021. Turismo de Tenerife.","breadcrumb":{"@id":"https:\/\/www.webtenerife.com\/elblog\/coronavirus\/#breadcrumb"},"inLanguage":"es","potentialAction":[{"@type":"ReadAction","target":["https:\/\/www.webtenerife.com\/elblog\/coronavirus\/"]}]},{"@type":"ImageObject","inLanguage":"es","@id":"https:\/\/www.webtenerife.com\/elblog\/coronavirus\/#primaryimage","url":"https:\/\/www.webtenerife.com\/elblog\/wp-content\/uploads\/2020\/06\/cropped-shutterstock_1420854623-1.jpg","contentUrl":"https:\/\/www.webtenerife.com\/elblog\/wp-content\/uploads\/2020\/06\/cropped-shutterstock_1420854623-1.jpg","width":1000,"height":562},{"@type":"BreadcrumbList","@id":"https:\/\/www.webtenerife.com\/elblog\/coronavirus\/#breadcrumb","itemListElement":[{"@type":"ListItem","position":1,"name":"Portada","item":"https:\/\/www.webtenerife.com\/elblog\/"},{"@type":"ListItem","position":2,"name":"Viajar a Tenerife. Todo sobre el covid-19"}]},{"@type":"WebSite","@id":"https:\/\/www.webtenerife.com\/elblog\/#website","url":"https:\/\/www.webtenerife.com\/elblog\/","name":"Tenerife! despierta emociones","description":"El lugar donde buscar y compartir tu experiencia en Tenerife","publisher":{"@id":"https:\/\/www.webtenerife.com\/elblog\/#organization"},"potentialAction":[{"@type":"SearchAction","target":{"@type":"EntryPoint","urlTemplate":"https:\/\/www.webtenerife.com\/elblog\/?s={search_term_string}"},"query-input":{"@type":"PropertyValueSpecification","valueRequired":true,"valueName":"search_term_string"}}],"inLanguage":"es"},{"@type":"Organization","@id":"https:\/\/www.webtenerife.com\/elblog\/#organization","name":"SPET Turismo de Tenerife S.A.","url":"https:\/\/www.webtenerife.com\/elblog\/","logo":{"@type":"ImageObject","inLanguage":"es","@id":"https:\/\/www.webtenerife.com\/elblog\/#\/schema\/logo\/image\/","url":"https:\/\/www.webtenerife.com\/elblog\/wp-content\/uploads\/2018\/02\/logo_tenerife_turismo_es.png","contentUrl":"https:\/\/www.webtenerife.com\/elblog\/wp-content\/uploads\/2018\/02\/logo_tenerife_turismo_es.png","width":500,"height":500,"caption":"SPET Turismo de Tenerife S.A."},"image":{"@id":"https:\/\/www.webtenerife.com\/elblog\/#\/schema\/logo\/image\/"},"sameAs":["https:\/\/x.com\/VisitTenerifeES","https:\/\/www.instagram.com\/visit_tenerife\/","https:\/\/www.pinterest.es\/visittenerife\/","https:\/\/www.youtube.com\/user\/turismodetenerife"]}]}},"_links":{"self":[{"href":"https:\/\/www.webtenerife.com\/elblog\/wp-json\/wp\/v2\/pages\/4533","targetHints":{"allow":["GET"]}}],"collection":[{"href":"https:\/\/www.webtenerife.com\/elblog\/wp-json\/wp\/v2\/pages"}],"about":[{"href":"https:\/\/www.webtenerife.com\/elblog\/wp-json\/wp\/v2\/types\/page"}],"author":[{"embeddable":true,"href":"https:\/\/www.webtenerife.com\/elblog\/wp-json\/wp\/v2\/users\/4"}],"replies":[{"embeddable":true,"href":"https:\/\/www.webtenerife.com\/elblog\/wp-json\/wp\/v2\/comments?post=4533"}],"version-history":[{"count":63,"href":"https:\/\/www.webtenerife.com\/elblog\/wp-json\/wp\/v2\/pages\/4533\/revisions"}],"predecessor-version":[{"id":4996,"href":"https:\/\/www.webtenerife.com\/elblog\/wp-json\/wp\/v2\/pages\/4533\/revisions\/4996"}],"wp:featuredmedia":[{"embeddable":true,"href":"https:\/\/www.webtenerife.com\/elblog\/wp-json\/wp\/v2\/media\/4596"}],"wp:attachment":[{"href":"https:\/\/www.webtenerife.com\/elblog\/wp-json\/wp\/v2\/media?parent=4533"}],"curies":[{"name":"wp","href":"https:\/\/api.w.org\/{rel}","templated":true}]}}