{"id":3841,"date":"2018-10-22T14:26:21","date_gmt":"2018-10-22T13:26:21","guid":{"rendered":"https:\/\/www.webtenerife.com\/elblog\/?page_id=3841"},"modified":"2018-10-22T14:26:21","modified_gmt":"2018-10-22T13:26:21","slug":"condiciones-de-uso-del-blog","status":"publish","type":"page","link":"https:\/\/www.webtenerife.com\/elblog\/condiciones-de-uso-del-blog\/","title":{"rendered":"Condiciones de uso del blog"},"content":{"rendered":"<h2><strong>Datos identificativos del titular deL BLOG<\/strong><\/h2>\n<p>En cumplimiento del deber de informaci\u00f3n, SPET, Turismo de Tenerife, S.A. (en lo sucesivo El Titular) en calidad de titular del blog (en lo sucesivo LA WEB o Blog) procede a comunicarles los datos identificativos:<\/p>\n<div class=\"pcrstb-wrap\"><table>\n<tbody>\n<tr>\n<td>Denominaci\u00f3n social:<\/td>\n<td>SPET, Turismo de Tenerife, S.A.<\/td>\n<\/tr>\n<tr>\n<td>Cif:<\/td>\n<td>A38299061<\/td>\n<\/tr>\n<tr>\n<td>Direcci\u00f3n de correo electr\u00f3nico:<\/td>\n<td>protecciondedatos@webtenerife.com<\/td>\n<\/tr>\n<tr>\n<td>Domicilio:<\/td>\n<td>Avda. La Constituci\u00f3n, 12 &#8211; 38003 S\/C de Tenerife<\/td>\n<\/tr>\n<\/tbody>\n<\/table><\/div>\n<p>La presente informaci\u00f3n conforma y regula las condiciones de uso, las limitaciones de responsabilidad y las obligaciones que los usuarios de la p\u00e1gina Web que se publica bajo el nombre\/s de dominio webtenerife.com asumen y se comprometen a respetar.<\/p>\n<h2><strong>T\u00c9RMINOS Y CONDICIONES<\/strong><\/h2>\n<p>Los t\u00e9rminos y condiciones generales que aqu\u00ed se establecen regulan el uso de este Blog en Internet. La utilizaci\u00f3n del sitio atribuye la condici\u00f3n de usuario del blog a su visitante, y determina expresamente su aceptaci\u00f3n plena y sin reservas de todos y cada uno de los t\u00e9rminos en este aviso legal establecido. En consecuencia, el usuario debe leer atentamente los t\u00e9rminos y condiciones en cada una de las ocasiones en que se proponga utilizar el presente blog.<\/p>\n<p>Se establece, adem\u00e1s, que los t\u00e9rminos y condiciones podr\u00e1n ser modificados en todo o en parte por de SPET, Turismo de Tenerife, S.A., y dichos cambios e implementaci\u00f3n tendr\u00e1n vigencia a partir del momento mismo en que sean publicados o insertados en este sitio. El usuario ha de vista peri\u00f3dicamente el AVISO LEGAL USO DEL BLOG.<\/p>\n<p>Aquellos mensajes que no se ajusten a la tem\u00e1tica del blog podr\u00e1n ser eliminados. Est\u00e1 totalmente prohibido publicar promociones y enlaces de ofertas comerciales, publicidad, material promocional, cartas cadena ni cualquier actividad promocional directa o indirecta o cualquier otro tipo de comentario que no se ajuste al normal desarrollo de los temas de los blogs.<\/p>\n<p>SPET, Turismo de Tenerife, S.A. se reserva el derecho de eliminar y\/o modificar los comentarios que contengan lenguaje inapropiado, spam u otras conductas no apropiadas en una comunidad civilizada. Los comentarios han de ce\u00f1irse al post, noticia, publicaci\u00f3n, etc., absteni\u00e9ndose de su uso con fines o efectos il\u00edcitos, ilegales, contrarios a lo establecido en las presentes condiciones generales, a la buena fe y al orden p\u00fablico, lesivos de los derechos e intereses de terceros, o que de cualquier forma puedan resultar ofensivos en sentido amplio, insultantes, de escasa educaci\u00f3n o consideraci\u00f3n con el resto de los usuarios, ataques personales, los que no tengan relaci\u00f3n con el tema, publicidad, spam y, en definitiva, todos los que no contribuyan a hacer del blog lo que pretende: un espacio de opini\u00f3n, noticias, informaci\u00f3n, comunicaci\u00f3n libre y amable.<\/p>\n<p>El usuario se obliga a usar los contenidos de una forma l\u00edcita en general y, en particular, se compromete a abstenerse de;<\/p>\n<ul>\n<li>Utilizar los contenidos de forma, con fines o efectos contrarios a la ley, a la moral y a las buenas costumbres generalmente aceptadas o al orden p\u00fablico.<\/li>\n<li>Reproducir o copiar, distribuir, transformar o modificar los contenidos.<\/li>\n<li>Emplear los contenidos con fines econ\u00f3micos, venta directa o con cualquier otra clase de finalidad comercial, mensajes no solicitados dirigidos a una pluralidad de personas con independencia de su finalidad, as\u00ed como a abstenerse de comercializar o divulgar de cualquier modo dicha informaci\u00f3n.<\/li>\n<li>Publicar cualquier contenido amenazante, injurioso, calumnioso, obsceno, pornogr\u00e1fico o que de otro modo infrinja la Ley.<\/li>\n<\/ul>\n<p>Los usuarios siempre deben tener en cuenta que el contenido publicado en este blog es p\u00fablico y puede ser visto por todos sus seguidores.<\/p>\n<p>SPET, Turismo de Tenerife, S.A. no ser\u00e1 responsable de los contenidos publicados por los usuarios. Tampoco se responsabiliza por los da\u00f1os y perjuicios que pudieran ocasionarse mediante el uso de la informaci\u00f3n provista por medio del servicio. Asimismo, tampoco garantiza la exactitud y\/o veracidad de todo o parte de la informaci\u00f3n contenida en el sitio, ni su actualizaci\u00f3n, ni que dicha informaci\u00f3n no haya sido alterada o modificada en todo o en parte, despu\u00e9s de haber sido incluida en el sitio.<\/p>\n<p>Tampoco se hace responsable de la informaci\u00f3n, y contenidos que puedan albergar los links incluidos en el blog por los usuarios ni de la existencia de malware o an\u00e1logo.<\/p>\n<p>SPET, Turismo de Tenerife, S.A. no se responsabilizar\u00e1 por los da\u00f1os y perjuicios de toda naturaleza que puedan deberse a la presencia de malware o a la presencia de otros elementos en los contenidos que puedan producir alteraciones en el sistema inform\u00e1tico, programas, documentos electr\u00f3nicos o ficheros de los usuarios.<\/p>\n<p>SPET, Turismo de Tenerife, S.A. no garantiza la disponibilidad ni continuidad del servicio del blog de la web, pudiendo modificarlo, suspenderlo o eliminarlo de la web sin previo aviso, en cualquier momento.<\/p>\n<p>El usuario mantendr\u00e1 indemne a SPET, Turismo de Tenerife, S.A. frente a cualquier reclamaci\u00f3n que pudiera present\u00e1rsele por los mensajes que el usuario haya difundido en los blogs o por cualquier otra conducta vinculada o derivada de la utilizaci\u00f3n por el usuario de los blogs de la web.<\/p>\n<p>Si un usuario o tercero, considera que alg\u00fan comentario publicado en el Blog o alguno de sus enlaces son il\u00edcitos, agradeceremos lo comunique en la mayor brevedad posible a la direcci\u00f3n de correo electr\u00f3nico protecciondedatos@webtenerife.com para que \u00abDSDSE\u00bb proceda a su revisi\u00f3n y si procede, su retirada.<\/p>\n","protected":false},"excerpt":{"rendered":"<p>Datos identificativos del titular deL BLOG En cumplimiento del deber de informaci\u00f3n, SPET, Turismo de Tenerife, S.A. (en lo sucesivo El Titular) en calidad&hellip;<\/p>\n","protected":false},"author":4,"featured_media":0,"parent":0,"menu_order":0,"comment_status":"closed","ping_status":"closed","template":"","meta":{"_lmt_disableupdate":"","_lmt_disable":"","footnotes":""},"class_list":["post-3841","page","type-page","status-publish","hentry"],"yoast_head":"<!-- This site is optimized with the Yoast SEO plugin v27.1 - https:\/\/yoast.com\/product\/yoast-seo-wordpress\/ -->\n<title>Condiciones de uso del blog - Tenerife! despierta emociones<\/title>\n<meta name=\"robots\" content=\"index, follow, max-snippet:-1, max-image-preview:large, max-video-preview:-1\" \/>\n<link rel=\"canonical\" href=\"https:\/\/www.webtenerife.com\/elblog\/condiciones-de-uso-del-blog\/\" \/>\n<meta property=\"og:locale\" content=\"es_ES\" \/>\n<meta property=\"og:type\" content=\"article\" \/>\n<meta property=\"og:title\" content=\"Condiciones de uso del blog - Tenerife! despierta emociones\" \/>\n<meta property=\"og:description\" content=\"Datos identificativos del titular deL BLOG En cumplimiento del deber de informaci\u00f3n, SPET, Turismo de Tenerife, S.A. (en lo sucesivo El Titular) en calidad&hellip;\" \/>\n<meta property=\"og:url\" content=\"https:\/\/www.webtenerife.com\/elblog\/condiciones-de-uso-del-blog\/\" \/>\n<meta property=\"og:site_name\" content=\"Tenerife! despierta emociones\" \/>\n<meta name=\"twitter:card\" content=\"summary_large_image\" \/>\n<meta name=\"twitter:site\" content=\"@VisitTenerifeES\" \/>\n<meta name=\"twitter:label1\" content=\"Tiempo de lectura\" \/>\n\t<meta name=\"twitter:data1\" content=\"5 minutos\" \/>\n<script type=\"application\/ld+json\" class=\"yoast-schema-graph\">{\"@context\":\"https:\/\/schema.org\",\"@graph\":[{\"@type\":\"WebPage\",\"@id\":\"https:\/\/www.webtenerife.com\/elblog\/condiciones-de-uso-del-blog\/\",\"url\":\"https:\/\/www.webtenerife.com\/elblog\/condiciones-de-uso-del-blog\/\",\"name\":\"Condiciones de uso del blog - Tenerife! despierta emociones\",\"isPartOf\":{\"@id\":\"https:\/\/www.webtenerife.com\/elblog\/#website\"},\"datePublished\":\"2018-10-22T13:26:21+00:00\",\"breadcrumb\":{\"@id\":\"https:\/\/www.webtenerife.com\/elblog\/condiciones-de-uso-del-blog\/#breadcrumb\"},\"inLanguage\":\"es\",\"potentialAction\":[{\"@type\":\"ReadAction\",\"target\":[\"https:\/\/www.webtenerife.com\/elblog\/condiciones-de-uso-del-blog\/\"]}]},{\"@type\":\"BreadcrumbList\",\"@id\":\"https:\/\/www.webtenerife.com\/elblog\/condiciones-de-uso-del-blog\/#breadcrumb\",\"itemListElement\":[{\"@type\":\"ListItem\",\"position\":1,\"name\":\"Portada\",\"item\":\"https:\/\/www.webtenerife.com\/elblog\/\"},{\"@type\":\"ListItem\",\"position\":2,\"name\":\"Condiciones de uso del blog\"}]},{\"@type\":\"WebSite\",\"@id\":\"https:\/\/www.webtenerife.com\/elblog\/#website\",\"url\":\"https:\/\/www.webtenerife.com\/elblog\/\",\"name\":\"Tenerife! despierta emociones\",\"description\":\"El lugar donde buscar y compartir tu experiencia en Tenerife\",\"publisher\":{\"@id\":\"https:\/\/www.webtenerife.com\/elblog\/#organization\"},\"potentialAction\":[{\"@type\":\"SearchAction\",\"target\":{\"@type\":\"EntryPoint\",\"urlTemplate\":\"https:\/\/www.webtenerife.com\/elblog\/?s={search_term_string}\"},\"query-input\":{\"@type\":\"PropertyValueSpecification\",\"valueRequired\":true,\"valueName\":\"search_term_string\"}}],\"inLanguage\":\"es\"},{\"@type\":\"Organization\",\"@id\":\"https:\/\/www.webtenerife.com\/elblog\/#organization\",\"name\":\"SPET Turismo de Tenerife S.A.\",\"url\":\"https:\/\/www.webtenerife.com\/elblog\/\",\"logo\":{\"@type\":\"ImageObject\",\"inLanguage\":\"es\",\"@id\":\"https:\/\/www.webtenerife.com\/elblog\/#\/schema\/logo\/image\/\",\"url\":\"https:\/\/www.webtenerife.com\/elblog\/wp-content\/uploads\/2018\/02\/logo_tenerife_turismo_es.png\",\"contentUrl\":\"https:\/\/www.webtenerife.com\/elblog\/wp-content\/uploads\/2018\/02\/logo_tenerife_turismo_es.png\",\"width\":500,\"height\":500,\"caption\":\"SPET Turismo de Tenerife S.A.\"},\"image\":{\"@id\":\"https:\/\/www.webtenerife.com\/elblog\/#\/schema\/logo\/image\/\"},\"sameAs\":[\"https:\/\/x.com\/VisitTenerifeES\",\"https:\/\/www.instagram.com\/visit_tenerife\/\",\"https:\/\/www.pinterest.es\/visittenerife\/\",\"https:\/\/www.youtube.com\/user\/turismodetenerife\"]}]}<\/script>\n<!-- \/ Yoast SEO plugin. -->","yoast_head_json":{"title":"Condiciones de uso del blog - Tenerife! despierta emociones","robots":{"index":"index","follow":"follow","max-snippet":"max-snippet:-1","max-image-preview":"max-image-preview:large","max-video-preview":"max-video-preview:-1"},"canonical":"https:\/\/www.webtenerife.com\/elblog\/condiciones-de-uso-del-blog\/","og_locale":"es_ES","og_type":"article","og_title":"Condiciones de uso del blog - Tenerife! despierta emociones","og_description":"Datos identificativos del titular deL BLOG En cumplimiento del deber de informaci\u00f3n, SPET, Turismo de Tenerife, S.A. (en lo sucesivo El Titular) en calidad&hellip;","og_url":"https:\/\/www.webtenerife.com\/elblog\/condiciones-de-uso-del-blog\/","og_site_name":"Tenerife! despierta emociones","twitter_card":"summary_large_image","twitter_site":"@VisitTenerifeES","twitter_misc":{"Tiempo de lectura":"5 minutos"},"schema":{"@context":"https:\/\/schema.org","@graph":[{"@type":"WebPage","@id":"https:\/\/www.webtenerife.com\/elblog\/condiciones-de-uso-del-blog\/","url":"https:\/\/www.webtenerife.com\/elblog\/condiciones-de-uso-del-blog\/","name":"Condiciones de uso del blog - Tenerife! despierta emociones","isPartOf":{"@id":"https:\/\/www.webtenerife.com\/elblog\/#website"},"datePublished":"2018-10-22T13:26:21+00:00","breadcrumb":{"@id":"https:\/\/www.webtenerife.com\/elblog\/condiciones-de-uso-del-blog\/#breadcrumb"},"inLanguage":"es","potentialAction":[{"@type":"ReadAction","target":["https:\/\/www.webtenerife.com\/elblog\/condiciones-de-uso-del-blog\/"]}]},{"@type":"BreadcrumbList","@id":"https:\/\/www.webtenerife.com\/elblog\/condiciones-de-uso-del-blog\/#breadcrumb","itemListElement":[{"@type":"ListItem","position":1,"name":"Portada","item":"https:\/\/www.webtenerife.com\/elblog\/"},{"@type":"ListItem","position":2,"name":"Condiciones de uso del blog"}]},{"@type":"WebSite","@id":"https:\/\/www.webtenerife.com\/elblog\/#website","url":"https:\/\/www.webtenerife.com\/elblog\/","name":"Tenerife! despierta emociones","description":"El lugar donde buscar y compartir tu experiencia en Tenerife","publisher":{"@id":"https:\/\/www.webtenerife.com\/elblog\/#organization"},"potentialAction":[{"@type":"SearchAction","target":{"@type":"EntryPoint","urlTemplate":"https:\/\/www.webtenerife.com\/elblog\/?s={search_term_string}"},"query-input":{"@type":"PropertyValueSpecification","valueRequired":true,"valueName":"search_term_string"}}],"inLanguage":"es"},{"@type":"Organization","@id":"https:\/\/www.webtenerife.com\/elblog\/#organization","name":"SPET Turismo de Tenerife S.A.","url":"https:\/\/www.webtenerife.com\/elblog\/","logo":{"@type":"ImageObject","inLanguage":"es","@id":"https:\/\/www.webtenerife.com\/elblog\/#\/schema\/logo\/image\/","url":"https:\/\/www.webtenerife.com\/elblog\/wp-content\/uploads\/2018\/02\/logo_tenerife_turismo_es.png","contentUrl":"https:\/\/www.webtenerife.com\/elblog\/wp-content\/uploads\/2018\/02\/logo_tenerife_turismo_es.png","width":500,"height":500,"caption":"SPET Turismo de Tenerife S.A."},"image":{"@id":"https:\/\/www.webtenerife.com\/elblog\/#\/schema\/logo\/image\/"},"sameAs":["https:\/\/x.com\/VisitTenerifeES","https:\/\/www.instagram.com\/visit_tenerife\/","https:\/\/www.pinterest.es\/visittenerife\/","https:\/\/www.youtube.com\/user\/turismodetenerife"]}]}},"_links":{"self":[{"href":"https:\/\/www.webtenerife.com\/elblog\/wp-json\/wp\/v2\/pages\/3841","targetHints":{"allow":["GET"]}}],"collection":[{"href":"https:\/\/www.webtenerife.com\/elblog\/wp-json\/wp\/v2\/pages"}],"about":[{"href":"https:\/\/www.webtenerife.com\/elblog\/wp-json\/wp\/v2\/types\/page"}],"author":[{"embeddable":true,"href":"https:\/\/www.webtenerife.com\/elblog\/wp-json\/wp\/v2\/users\/4"}],"replies":[{"embeddable":true,"href":"https:\/\/www.webtenerife.com\/elblog\/wp-json\/wp\/v2\/comments?post=3841"}],"version-history":[{"count":3,"href":"https:\/\/www.webtenerife.com\/elblog\/wp-json\/wp\/v2\/pages\/3841\/revisions"}],"predecessor-version":[{"id":3845,"href":"https:\/\/www.webtenerife.com\/elblog\/wp-json\/wp\/v2\/pages\/3841\/revisions\/3845"}],"wp:attachment":[{"href":"https:\/\/www.webtenerife.com\/elblog\/wp-json\/wp\/v2\/media?parent=3841"}],"curies":[{"name":"wp","href":"https:\/\/api.w.org\/{rel}","templated":true}]}}