{"id":832,"date":"2011-05-05T12:07:56","date_gmt":"2011-05-05T12:07:56","guid":{"rendered":"http:\/\/wpress.turismodetenerife.com\/?page_id=832"},"modified":"2014-01-31T11:39:09","modified_gmt":"2014-01-31T10:39:09","slug":"contacto","status":"publish","type":"page","link":"https:\/\/www.webtenerife.com\/blogcorporativo\/contacto\/","title":{"rendered":"Contacto"},"content":{"rendered":"<p>Aprovecha. Tienes la oportunidad de hacernos part\u00edcipe de tus dudas, sugerencias y propuestas sobre este blog o sobre el turismo. Rellena los datos de contacto y te responderemos lo antes posible.<\/p>\n<div id=\"cscf\" class=\"cscfBlock\">\n    <div class=\"cscfMessageSent\" style=\"display:none;\">\n\t\t<h3>Mensaje enviado<\/h3>\n<p>Gracias por su mensaje, nos pondremos en contacto a la brevedad. <\/p>    <\/div>\n    <div class=\"cscfMessageNotSent\" style=\"display:none;\">\n\t\t<p>\n    Lo sentimos, ha habido un error. Tu mensaje no se ha enviado.<\/p>\n    <\/div>\n    <div class=\"cscfForm\">\n        <p><\/p>\n\n        <form role=\"form\" id=\"frmCSCF\" name=\"frmCSCF\" method=\"post\">\n\t\t\t<input type=\"hidden\" id=\"cscf_nonce\" name=\"cscf_nonce\" value=\"6ab0e0dd8a\" \/><input type=\"hidden\" name=\"_wp_http_referer\" value=\"\/blogcorporativo\/wp-json\/wp\/v2\/pages\/832\" \/>            <input type=\"hidden\" name=\"post-id\" value=\"832\">\n\n\t\t\t\n            <!-- name -->\n            <div class=\"control-group form-group\">\n                <label for=\"cscf_name\">Nombre:<\/label>\n\n\n                <div class=\"\">\n\t\t\t\t\t                    <input class=\"form-control input-xlarge\"\n                           data-rule-required=\"true\"\n                           data-msg-required=\"Porfavor ingresa tu nombre.\"\n                           type=\"text\" id=\"cscf_name\" name=\"cscf[name]\"\n                           value=\"\"\n                           placeholder=\"Tu Nombre:\"\n                    \/>\n                <\/div>\n                <span for=\"cscf_name\" class=\"help-inline help-block error\"\n                      style=\"display:none;\">\n\n                                    <\/span>\n            <\/div>\n\n\n            <!--email address-->\n            <div class=\"control-group form-group\">\n                <label for=\"cscf_email\">Direcci\u00f3n de correo electr\u00f3nico:<\/label>\n\n                <div class=\"\">\n\t\t\t\t\t                    <input class=\"form-control input-xlarge\"\n                           data-rule-required=\"true\"\n                           data-rule-email=\"true\"\n                           data-msg-required=\"Por favor ingresa tu correo electr\u00f3nico\"\n                           data-msg-email=\"Por favor ingresa una direcci\u00f3n de correo electr\u00f3nico v\u00e1lida.\"\n                           type=\"email\" id=\"cscf_email\" name=\"cscf[email]\"\n                           value=\"\"\n                           placeholder=\"Tu direcci\u00f3n de correo electr\u00f3nico:\"\n                    \/>\n                <\/div>\n                <span for=\"cscf_email\" class=\"help-inline help-block error\"\n                      style=\"display:none;\">\n                                    <\/span>\n            <\/div>\n\n\t\t\t                <!--confirm email address -->\n                <div class=\"control-group form-group\">\n                    <label for=\"cscf_confirm-email\">Confirma tu direcci\u00f3n de correo electr\u00f3nico:<\/label>\n                    <div class=\"\">\n\t\t\t\t\t\t                        <input class=\"form-control input-xlarge\"\n                               data-rule-required=\"true\"\n                               data-rule-email=\"true\"\n                               data-rule-equalTo=\"#cscf_email\"\n                               data-msg-required=\"Por favor ingresa la misma direcci\u00f3n de correo electr\u00f3nico de nuevo.\"\n                               data-msg-email=\"Por favor ingresa una direcci\u00f3n de correo electr\u00f3nico v\u00e1lida.\"\n                               data-msg-equalTo=\"Por favor ingresa la misma direcci\u00f3n de correo electr\u00f3nico de nuevo.\"\n                               type=\"email\" id=\"cscf_confirm-email\" name=\"cscf[confirm-email]\"\n                               value=\"\"\n                               placeholder=\"Confirma tu direcci\u00f3n de correo electr\u00f3nico\"\n                        \/>\n                    <\/div>\n                    <span for=\"cscf_confirm-email\" class=\"help-inline help-block error\"\n                          style=\"display:none;\">\n                                    <\/span>\n                <\/div>\n\t\t\t\n\t\t\t\n\n            <!-- message -->\n            <div class=\"control-group form-group\">\n                <label for=\"cscf_message\">Mensaje:<\/label>\n                <div class=\"\">\n\t\t\t\t\t                    <textarea class=\"form-control input-xlarge\"\n                              data-rule-required=\"true\"\n                              data-msg-required=\"Por favor ingresa un mensaje.\"\n                              id=\"cscf_message\" name=\"cscf[message]\" rows=\"10\"\n                              placeholder=\"Tu Mensaje\"><\/textarea>\n                <\/div>\n\n                <span for=\"cscf_message\" class=\"help-inline help-block error\"\n                      style=\"display:none;\">\n                                    <\/span>\n            <\/div>\n\n\t\t\t\n\n\n\t\t\t\n            <!-- recaptcha -->\n\t\t\t            <input type=\"submit\" id=\"cscf_SubmitButton\" class=\"btn btn-default\"\n                   value=\"Enviar mensaje\"\/>\n        <\/form>\n    <\/div>\n<\/div>\n\n","protected":false},"excerpt":{"rendered":"<p>Aprovecha. Tienes la oportunidad de hacernos part\u00edcipe de tus dudas, sugerencias y propuestas sobre este blog o sobre el turismo. Rellena los datos de contacto y te responderemos lo antes posible.<\/p>\n","protected":false},"author":18,"featured_media":0,"parent":0,"menu_order":0,"comment_status":"open","ping_status":"open","template":"template-fullwidth.php","meta":{"footnotes":""},"class_list":["post-832","page","type-page","status-publish","hentry","last_archivepost"],"_links":{"self":[{"href":"https:\/\/www.webtenerife.com\/blogcorporativo\/wp-json\/wp\/v2\/pages\/832","targetHints":{"allow":["GET"]}}],"collection":[{"href":"https:\/\/www.webtenerife.com\/blogcorporativo\/wp-json\/wp\/v2\/pages"}],"about":[{"href":"https:\/\/www.webtenerife.com\/blogcorporativo\/wp-json\/wp\/v2\/types\/page"}],"author":[{"embeddable":true,"href":"https:\/\/www.webtenerife.com\/blogcorporativo\/wp-json\/wp\/v2\/users\/18"}],"replies":[{"embeddable":true,"href":"https:\/\/www.webtenerife.com\/blogcorporativo\/wp-json\/wp\/v2\/comments?post=832"}],"version-history":[{"count":17,"href":"https:\/\/www.webtenerife.com\/blogcorporativo\/wp-json\/wp\/v2\/pages\/832\/revisions"}],"predecessor-version":[{"id":7903,"href":"https:\/\/www.webtenerife.com\/blogcorporativo\/wp-json\/wp\/v2\/pages\/832\/revisions\/7903"}],"wp:attachment":[{"href":"https:\/\/www.webtenerife.com\/blogcorporativo\/wp-json\/wp\/v2\/media?parent=832"}],"curies":[{"name":"wp","href":"https:\/\/api.w.org\/{rel}","templated":true}]}}