{"id":2,"date":"2009-06-16T17:23:46","date_gmt":"2009-06-16T13:23:46","guid":{"rendered":"http:\/\/turismodetenerife.com\/?page_id=2"},"modified":"2014-02-05T16:02:14","modified_gmt":"2014-02-05T15:02:14","slug":"about","status":"publish","type":"page","link":"https:\/\/www.webtenerife.com\/blogcorporativo\/about\/","title":{"rendered":"\u00bfQui\u00e9nes somos?"},"content":{"rendered":"<p>Est\u00e1s en el blog de Turismo de Tenerife, donde podr\u00e1s conocer mejor lo que hace\u00a0esta entidad dependiente del Cabildo de Tenerife. Aqu\u00ed encontrar\u00e1s informaciones sobre el turismo en la Isla, adem\u00e1s de opiniones y noticias relacionadas con el sector. Queremos, adem\u00e1s, que sea un foro de encuentro y participaci\u00f3n, por eso te animamos a que comentes lo que\u00a0quieras\u00a0y tambi\u00e9n formes parte de este espacio que queremos que sea el de todos.<\/p>\n","protected":false},"excerpt":{"rendered":"<p>Est\u00e1s en el blog de Turismo de Tenerife, donde podr\u00e1s conocer mejor lo que hace\u00a0esta entidad dependiente del Cabildo de Tenerife. Aqu\u00ed encontrar\u00e1s informaciones sobre el turismo en la Isla, adem\u00e1s de opiniones y noticias relacionadas con el sector. Queremos, adem\u00e1s, que sea un foro de encuentro y participaci\u00f3n, por eso te animamos a que [&hellip;]<\/p>\n","protected":false},"author":1,"featured_media":0,"parent":0,"menu_order":0,"comment_status":"open","ping_status":"open","template":"","meta":{"footnotes":""},"class_list":["post-2","page","type-page","status-publish","hentry","last_archivepost"],"_links":{"self":[{"href":"https:\/\/www.webtenerife.com\/blogcorporativo\/wp-json\/wp\/v2\/pages\/2","targetHints":{"allow":["GET"]}}],"collection":[{"href":"https:\/\/www.webtenerife.com\/blogcorporativo\/wp-json\/wp\/v2\/pages"}],"about":[{"href":"https:\/\/www.webtenerife.com\/blogcorporativo\/wp-json\/wp\/v2\/types\/page"}],"author":[{"embeddable":true,"href":"https:\/\/www.webtenerife.com\/blogcorporativo\/wp-json\/wp\/v2\/users\/1"}],"replies":[{"embeddable":true,"href":"https:\/\/www.webtenerife.com\/blogcorporativo\/wp-json\/wp\/v2\/comments?post=2"}],"version-history":[{"count":10,"href":"https:\/\/www.webtenerife.com\/blogcorporativo\/wp-json\/wp\/v2\/pages\/2\/revisions"}],"predecessor-version":[{"id":7953,"href":"https:\/\/www.webtenerife.com\/blogcorporativo\/wp-json\/wp\/v2\/pages\/2\/revisions\/7953"}],"wp:attachment":[{"href":"https:\/\/www.webtenerife.com\/blogcorporativo\/wp-json\/wp\/v2\/media?parent=2"}],"curies":[{"name":"wp","href":"https:\/\/api.w.org\/{rel}","templated":true}]}}